{"id":703,"date":"2015-09-15T11:12:50","date_gmt":"2015-09-15T14:12:50","guid":{"rendered":"http:\/\/nonaessencya.com.br\/?product=elixires-de-rochas-e-minerais"},"modified":"2022-05-16T07:38:23","modified_gmt":"2022-05-16T10:38:23","slug":"elixires-de-rochas-e-minerais","status":"publish","type":"product","link":"https:\/\/nonaessencya.com.br\/vitrine\/?product=elixires-de-rochas-e-minerais","title":{"rendered":"Elixires de Rochas e Minerais"},"content":{"rendered":"<p><strong>Elixires de Rochas Minerais <\/strong><\/p>\n<p>As Rochas e Minerais s\u00e3o utilizadas na forma de elixires com a finalidade de facilitar o seu uso\u00a0 e estender o seu potencial curador, dando suporte para outros tipos de terapia que usam as Rochas e os Minerais (terapia com cristais} como base do trabalho de cura.<\/p>\n<p>Os Elixires de Pedras e Cristais podem ser usados para harmoniza\u00e7\u00e3o ambiental (aspergidos no ambiente atrav\u00e9s de sprays, de centrais de umidifica\u00e7\u00e3o de ar, nebulizadores ou outras formas) ou na forma oral e t\u00f3pica.<\/p>\n<p> Lista dos elixires que podemos fornecer por unidade:<\/p>\n<p>Voc\u00ea escolhe a quantidade geral de estoques que voc\u00ea quer encomendar e clica em comprar. Depois voc\u00ea copia o nome das ess\u00eancias que voc\u00ea tem interesse de adiquirir e cola no campo <strong>Nota do pedido<\/strong> que vai aparecer quando voc\u00ea clicar em <strong><a href=\"http:\/\/nonaessencya.com.br\/?page_id=209\">FINALIZAR A COMPRA<\/a>. <\/strong>Vai dar tudo certo. Se voc\u00ea tiver alguma d\u00favida entre em contato pelo email <a href=\"pedidos@nonaessencya.com.br\">pedidos@nonaessencya.com.br <\/a><\/p>\n<p>&nbsp;<\/p>\n<ol>\n<li><strong>Abalone<\/strong> \u2013 (concha marinha) &#8211; Ben\u00e9fica ao sistema imunol\u00f3gico; ajuda a digest\u00e3o e assimila\u00e7\u00e3o de prote\u00ednas e carotenos .<\/li>\n<li><strong>\u00c1gata Laranjas<\/strong> \u2013 Fortalecimento geral; medo da morte; anorexia e bulimia; radia\u00e7\u00e3o natural e artificial.<\/li>\n<li><strong>\u00c1gata Musgo<\/strong> \u2013 Prosperidade e sucesso; intensifica a comunica\u00e7\u00e3o e a coopera\u00e7\u00e3o<\/li>\n<li><strong>\u00c1gua Marinha<\/strong> \u2013 Abre o chakra da garganta e facilita a comunica\u00e7\u00e3o. Ajuda a aproxima\u00e7\u00e3o do anjo da guarda.<\/li>\n<li><strong>Alabastro<\/strong> \u2013 Encoraja a gentileza a ternura e o amor; ajuda na arte de ouvir.<\/li>\n<li><strong>Albita<\/strong> \u2013 Diminui o estresse e d\u00e1 estabilidade; inspira lideran\u00e7a.<\/li>\n<li><strong>Amazonita<\/strong> \u2013 Desenvolve a eloq\u00fc\u00eancia; acentua as qualidades masculinas.<\/li>\n<li><strong>\u00c2mbar<\/strong> \u2013 (resina fossilizada) &#8211; Traz boa sorte; elimina pensamentos negativos e depress\u00e3o.<\/li>\n<li><strong>Antimonita<\/strong> \u2013 Usada no antigo Egito como cosm\u00e9tico; ajuda na cura de problemas de pele, de garganta e dos \u00f3rg\u00e3os genitais. Estimula a vontade.<\/li>\n<li><strong>Aragonita<\/strong> \u2013 Estimula nossos corpos: f\u00edsico, emocional e mental; proporciona estabilidade.<\/li>\n<li><strong>Ard\u00f3sia<\/strong> \u2013 Usada para regenera\u00e7\u00e3o de tecido celular.<\/li>\n<li><strong>Axinita <\/strong>\u2013 For\u00e7a magn\u00e9tica; aumenta a empatia e o magnetismo pessoal.<\/li>\n<li><strong>Azurita<\/strong> &#8211; Ajuda a remover bloqueios e ilus\u00f5es; aprofunda a consci\u00eancia de nossa origem Divina.<\/li>\n<li><strong>Berilo<\/strong> \u2013 Estimulante da mente e do intelecto \u2013 Aumenta a reten\u00e7\u00e3o consciente de informa\u00e7\u00f5es<\/li>\n<li><strong>Blue lace<\/strong> \u2013 Recomendada para problema de hiperatividade, tens\u00e3o em geral e dificuldade de comunica\u00e7\u00e3o.<\/li>\n<li><strong>Bronzita <\/strong>\u2013 Pedra da autoestima, autoconfian\u00e7a. Estimula as atividades f\u00edsicas: exerc\u00edcios, gin\u00e1sticas. Boa para o cora\u00e7\u00e3o.<\/li>\n<li><strong>Calced\u00f4nia branca<\/strong> \u2013 Pedra do otimismo &#8211; Estimula a lacta\u00e7\u00e3o. Ajuda nos problemas de pesadelos e medos noturnos. Boa para fortalecer os ossos, ba\u00e7o e gl\u00f3bulos vermelhos.<\/li>\n<li><strong>Calced\u00f4nia cinza<\/strong> \u2013 Pedra da purifica\u00e7\u00e3o \u2013 Estimula o otimismo e a criatividade art\u00edstica. Ajuda a dissipar problemas de pesadelos e medos noturnos.<\/li>\n<li><strong>Calcita \u00f3tica branca<\/strong> \u2013 Pedra da conex\u00e3o e clareza \u2013 Ajuda a desenvolver o intelecto, a sabedoria e habilidades ps\u00edquicas.<\/li>\n<li><strong>Calcita laranja<\/strong> \u2013 Pedra da coragem \u2013 Ajuda nos momentos de situa\u00e7\u00f5es dif\u00edceis que, muitas vezes leva a procura da fuga ou somatiza\u00e7\u00e3o de problemas f\u00edsicos.<\/li>\n<li><strong>Calcita verde<\/strong> \u2013 Pedra do equil\u00edbrio \u2013 Ajuda a liberar id\u00e9ias ultrapassadas e limitadoras. Fortalece a mente e traz sabedoria.<\/li>\n<li><strong>Calcopirita<\/strong> \u2013 Pedra da autoconfian\u00e7a e auto-estima \u2013 Aumenta a autovaloriza\u00e7\u00e3o e cren\u00e7a em si mesmo.<\/li>\n<li><strong>Celestite<\/strong> \u2013 Pedra da pureza \u2013 Aumenta a empatia, encoraja e facilita a ora\u00e7\u00e3o. Ajuda no contato com os mestres e guias espirituais.<\/li>\n<li><strong>Cianita<\/strong> \u2013 Estimula sonhos v\u00edvidos e visualiza\u00e7\u00f5es claras.<\/li>\n<li><strong>Coral<\/strong> \u2013 Favorece os \u00f3rg\u00e3os de limpeza e a gl\u00e2ndula timo. Alivia estados depressivos.<\/li>\n<li><strong>Crisocola<\/strong> \u2013 Ajuda no estresse e na ansiedade; equilibra o emocional e aumenta a tranq\u00fcilidade.<\/li>\n<li><strong>Crisopr\u00e1sio<\/strong> \u2013 Ajuda nas lembran\u00e7as de vidas passadas; Estimula a criatividade e desperta talentos desconhecidos.<\/li>\n<li><strong>Cristal arco-\u00edris<\/strong> \u2013 Representa toda a cria\u00e7\u00e3o, esperan\u00e7a e renova\u00e7\u00e3o da vida. Ajuda a limpar tristeza, m\u00e1goa, depress\u00e3o e todos os estados negativos.<\/li>\n<li><strong>Cristal bi-terminado<\/strong> \u2013 Pedra dos caminhos \u2013 Estabelece a ponte entre dois pontos, ajuda a nossa caminhada terrena e espiritual.<\/li>\n<li><strong>Cristal elestial<\/strong> \u2013 Pedra da justi\u00e7a \u2013 Ajuda na supera\u00e7\u00e3o dos carmas; auxilia no combate aos v\u00edcios; auxilia na comunica\u00e7\u00e3o dos sensitivos com os anjos guardi\u00f5es.<\/li>\n<li><strong>Diamante Herkimer<\/strong> \u2013 Pedra dos sonhos \u2013 Guarda informa\u00e7\u00f5es e amplia formas de pensamentos positivos. Ajuda nas experi\u00eancias conscientes fora do corpo. Potencializador das outras ess\u00eancias.<\/li>\n<li><strong>Drusa de ametista<\/strong> \u2013 Pedra da transmuta\u00e7\u00e3o \u2013 Pedra mestra em todas as quest\u00f5es espirituais ou f\u00edsicas; harmoniza o corpo a mente e o esp\u00edrito; equilibra os hemisf\u00e9rios cerebrais.<\/li>\n<li><strong>Drusa de cristal de quartzo<\/strong> \u2013 Pedra do equil\u00edbrio \u2013 Equilibra todos os corpos, descristaliza bloqueios, ajuda na harmoniza\u00e7\u00e3o de grupos, melhora a comunica\u00e7\u00e3o e a mem\u00f3ria, Ajuda na sintoniza\u00e7\u00e3o com os anjos, os devas e o Eu Superior.<\/li>\n<li><strong>Drusa de citrino<\/strong> \u2013 Pedra da Prosperidade \u2013 Transmuta os medos em rela\u00e7\u00e3o a pobreza e de n\u00e3o merecer a provis\u00e3o infinita. Remove medos que bloqueiam o plexo solar. Ajuda a superar sentimentos autodestrutivos: suic\u00eddios, v\u00edcios, depress\u00e3o.<\/li>\n<li><strong>Esmeralda<\/strong> \u2013 Revela qualidades Divinas e nos alinha com as for\u00e7as da natureza. Ajuda no equil\u00edbrio do sistema nervoso, circulat\u00f3rio e imunol\u00f3gico. Trabalha a autocura.<\/li>\n<li><strong>Fluorita<\/strong> \u2013 Catalisador da transmuta\u00e7\u00e3o, ativa a for\u00e7a vital, as mudan\u00e7as; regulariza o apetite sexual.<\/li>\n<li><strong>Fluorita octa\u00e9drica amarela<\/strong> \u2013 Desenvolve os poderes intelectuais, o racioc\u00ednio, as for\u00e7as inconscientes sustentadoras da auto-express\u00e3o. Aumenta a motiva\u00e7\u00e3o, a for\u00e7a vital e proporciona grande poder de recupera\u00e7\u00e3o.<\/li>\n<li><strong>Fluorita octe\u00e9drica rosa-violeta<\/strong> \u2013 Trabalha o amor incondicional e nosso espiritual de percep\u00e7\u00e3o e aprendizado. Produz e mant\u00e9m uma rela\u00e7\u00e3o consciente entre o mundo espiritual e o mundo material.<\/li>\n<li><strong>Galena <\/strong>\u2013 Promove autoconfian\u00e7a, poder pessoal e sucesso.<\/li>\n<li><strong>Gipso Roseta<\/strong> \u2013 Aumenta a prosperidade, sorte, sucesso profissional e for\u00e7a de vontade.<\/li>\n<li><strong>Granada<\/strong> \u2013 Pedra da sexualidade e da energia vital \u2013 Abre o 1\u00b0 chakra e ajuda a sair de condicionamentos mentais. Aumenta a sensualidade e a habilidade para agir de forma amorosa no plano f\u00edsico.<\/li>\n<li><strong>Granito<\/strong> \u2013 Ajuda a encontrar o caminho em dire\u00e7\u00e3o a vida espiritual. Alinha todos os corpos sutis para estimular a regenera\u00e7\u00e3o dos tecidos e dos \u00f3rg\u00e3o internos.<\/li>\n<li><strong>Heliodoro<\/strong> \u2013 Promove a aprendizagem e a comunica\u00e7\u00e3o, d\u00e1 persist\u00eancia e altru\u00edsmo.<\/li>\n<li><strong>Heliotr\u00f3pio \u2013 <\/strong>Proporciona clareza e disciplina mental, facilita solucionar assuntos legais.<\/li>\n<li><strong>Hematita \u2013 <\/strong>Ativa a circula\u00e7\u00e3o sanguinea, restabelece a energia e facilita a concentra\u00e7\u00e3o.<\/li>\n<li><strong>Howlita \u2013 <\/strong>Estimula a inspira\u00e7\u00e3o, a criatividade, a express\u00e3o art\u00edstica e a aprecia\u00e7\u00e3o da beleza.<\/li>\n<li><strong>Jade verde \u2013 <\/strong>Pedra de prote\u00e7\u00e3o, amor e sabedoria \u2013 Acalma a mente e faz com que as tarefas quotidianas pare\u00e7am f\u00e1ceis. Equilibra a energia Yin e Yang<\/li>\n<li><strong>Jaspe Africano \u2013 <\/strong>Muito ligado a energia da terra, d\u00e1 estabilidade, equil\u00edbrio, ajuda no sistema imunol\u00f3gico e nos trabalhos de an\u00e1lise e regress\u00e3o. Desbloqueador de experi\u00eancias passadas.<\/li>\n<li><strong>Jaspe indiano \u2013 <\/strong>Elixir da decis\u00e3o, da concretiza\u00e7\u00e3o, nos tira das encruzilhadas, aliviando o impasse. No f\u00edsico ajuda a aliviar problemas de joelhos, que representam as encruzilhadas da vida.<\/li>\n<li><strong>Jaspe marrom \u2013 <\/strong>Elixir da organiza\u00e7\u00e3o e da estabilidade. Recomendada para executivos por tornar os pensamentos mais r\u00e1pidos.<\/li>\n<li><strong>Jaspe verde \u2013 <\/strong>Todos os jaspes trabalham lentamente e, por isso devem ser usados por um per\u00edodo maior (pelo menos durante nove meses); reduz o estresse e ajuda a soltar aspectos da vida que foram muito importantes no passado, mas que devem ficar para tr\u00e1s.<\/li>\n<li><strong>L\u00e1pis lazuli \u2013 <\/strong>Elixir do insight e da inspira\u00e7\u00e3o. Atua sobre o sistema glandular e aumenta a express\u00e3o pessoal. Rejuvenesce o tecido celular.<\/li>\n<li><strong>Labradorita \u2013 <\/strong>Promove as habilidades ps\u00edquicas, a for\u00e7a de vontade, a auto-valoriza\u00e7\u00e3o e a comunica\u00e7\u00e3o com sabedoria.<\/li>\n<li><strong>Leopardita \u2013 <\/strong>Elixir da verdade \u2013 ajuda a tirar a mascara e mostrar a verdade.<\/li>\n<li><strong>Lepidolita \u2013 <\/strong>Estimula a medita\u00e7\u00e3o, a ora\u00e7\u00e3o, a transcend\u00eancia espiritual. Ajuda no tratamento da ins\u00f4nia.<\/li>\n<li><strong>Madeira Fossilizada \u2013 <\/strong>Ensina a respeitar os povos e o conhecimento antigo, facilita a investiga\u00e7\u00e3o de vidas passadas. D\u00e1 estabilidade, seguran\u00e7a e longevidade.<\/li>\n<li><strong>Malaquita Verde \u2013 <\/strong>Pedra da cumplicidade, das alian\u00e7as corretas; canaliza e direciona as energias para o objetivo. Ajuda a cura dos problemas respirat\u00f3rios.<\/li>\n<li><strong>Meteorito \u2013 <\/strong>Facilitador nas experi\u00eancias de vidas passadas. Ajuda na evolu\u00e7\u00e3o da esp\u00e9cie humana, acelerando as habilidades mentais. Ajuda na cura da anemia.<\/li>\n<li><strong>Obsidiana floco-de-neve \u2013 <\/strong>Est\u00e1 relacionada com a vida, a sobreviv\u00eancia e o ego. Aumenta a nossa capacidade inconsciente.<\/li>\n<li><strong>Olho de Boi \u2013 <\/strong>Trabalha vidas passadas e or\u00e1culos.<\/li>\n<li><strong>Olho de Tigre \u2013 <\/strong>D\u00e1 o poder de ver Deus em toda a natureza. Desenvolve a for\u00e7a de vontade, a clareza de pensamento e a praticidade.<\/li>\n<li><strong>\u00d4nix Preto \u2013<\/strong>Elixir de prote\u00e7\u00e3o \u2013 Dissolve energias negativas; ajuda na transmuta\u00e7\u00e3o dos medos.<\/li>\n<li><strong>Opala \u2013 <\/strong>Aumenta a estabilidade, o amor e a sabedoria, combate o desequil\u00edbrio emocional.<\/li>\n<li><strong>Pedra da \u00e1gua \u2013 <\/strong>Trabalha a liga\u00e7\u00e3o do chakra b\u00e1sico ao chakra coron\u00e1rio, o Eu B\u00e1sico ao Eu Superior. Ilumina o lado escuro ou inconsciente.<\/li>\n<li><strong>Pedra da cruz \u2013 <\/strong>Representa ascend\u00eancia e autoridade, aumenta a capacidade de lideran\u00e7a, proporciona pensamentos claros e l\u00f3gicos.<\/li>\n<li><strong>Pedra da Lua \u2013 <\/strong>Estimula a gl\u00e2ndula pineal, ajuda no processo de crescimento. Acalma e equilibra as emo\u00e7\u00f5es.<\/li>\n<li><strong>Pedra do Estresse ( \u00d4nix Verde Claro ) \u2013 <\/strong>Combate o estresse a depress\u00e3o e o medo. Facilita a adpta\u00e7\u00e3o.<\/li>\n<li><strong>Pedra do sol \u2013 <\/strong>Elixir da auto-confian\u00e7a e do brilho. Conduz ao sucesso, a express\u00e3o da capacidade pessoal.<\/li>\n<li><strong>Pedra sab\u00e3o \u2013 <\/strong>Fortalece o cora\u00e7\u00e3o e a gl\u00e2ndula timo. Ajuda na cura de disfun\u00e7\u00f5es que envolvam o sistema end\u00f3crino.<\/li>\n<li><strong>P\u00e9rola \u2013 <\/strong>Equil\u00edbrio e estabilidade emocional. Traz paz e inspira pureza e honestidade.<\/li>\n<li><strong>Pirita \u2013 <\/strong>Fortalece o corpo astral; reduz a ansiedade e a depress\u00e3o; equilibra os hemisf\u00e9rios cerebrais. Desbloqueia nosso potencial de sucesso e prosperidade.<\/li>\n<li><strong>Quartzo azul<\/strong> \u2013 Acalma a mente, traz esperan\u00e7a; alivia traumas; facilita a medita\u00e7\u00e3o.<\/li>\n<li><strong>Quartzo fantasma<\/strong> \u2013 Elixir da canaliza\u00e7\u00e3o &#8211; Pode ser usado para prote\u00e7\u00e3o em qualquer situa\u00e7\u00e3o por conectar-nos com o Cosmo.<\/li>\n<li><strong>Quartzo fume<\/strong> \u2013 Escudo de prote\u00e7\u00e3o \u2013 Ajuda a busca interior para que possamos nos integrar e transformar nossa sombra em luz.<\/li>\n<li><strong>Quartzo rosa<\/strong> \u2013 Elixir do amor incondicional \u2013 Ajuda a transmutar m\u00e1goas guardadas no cora\u00e7\u00e3o. Facilita o trabalho do perd\u00e3o.<\/li>\n<li><strong>Quartzo rutilado<\/strong> \u2013 Ajuda na assimila\u00e7\u00e3o da for\u00e7a pr\u00e2nica pelo corpo. Promove determina\u00e7\u00e3o e autoconfian\u00e7a. Facilita a assimila\u00e7\u00e3o dos nutrientes e o rejuvenescimento.<\/li>\n<li><strong>Quartzo rutilado amarelo<\/strong> \u2013 Pedra da ilumina\u00e7\u00e3o \u2013 Traz a luz Divina para equilibrar o chakra do cora\u00e7\u00e3o e plexo solar. Facilita adquirir riqueza, honra e fama.<\/li>\n<li><strong>Quartzo rutilado rosado<\/strong> \u2013 Todas as energias do quartzo rutilado mais a energia rosa do amor incondicional. Ajuda a express\u00e3o do amor \u00e1 vida atrav\u00e9s do compartilhamento<\/li>\n<li><strong>Quartzo rutilado vermelho<\/strong> \u2013 Elimina lembran\u00e7as do passado que tem efeito negativo no presente. Harmoniza e elimina bloqueios gerados na inf\u00e2ncia.<\/li>\n<li><strong>Quartzo Verde<\/strong> \u2013 Pedra da cura \u2013 Problema de ansiedade, estresse, medo e depress\u00e3o.<\/li>\n<li><strong>Rodocrosita<\/strong> (Rosa avermelhada) \u2013 Pedra da autovaloriza\u00e7\u00e3o \u2013 Aumenta a confian\u00e7a no poder pessoal. Previne contra o esgotamento mental.<\/li>\n<li><strong>Rodonita<\/strong> \u2013 Pedra das crian\u00e7as, fadas e seres encantados \u2013 Trabalha a crian\u00e7a interior, a alegria de viver.<\/li>\n<li><strong>Rubi<\/strong> \u2013 Ajuda a ser realista em rela\u00e7\u00e3o aos pr\u00f3prios objetivos e sentir prazer em ajudar o pr\u00f3ximo.  Aumenta a energia vital.<\/li>\n<li><strong>Safira<\/strong> \u2013 Elixir da serenidade \u2013 Diminui a tens\u00e3o, dissolve o estresse, levanta o \u00e2nimo.<\/li>\n<li><strong>Serpentita<\/strong> \u2013 Inspira respeito pelos idosos, Alivia medos, fobias e p\u00e2nico.<\/li>\n<li><strong>Sodalita <\/strong> &#8211; Elixir da express\u00e3o e da fala &#8211; Ajuda na mudan\u00e7a de atitudes pessoais, ser mais objetivo e menos cr\u00edtico. Encoraja o pensamento racional, a l\u00f3gica, a intelig\u00eancia, o aprendizado e a comunica\u00e7\u00e3o.<\/li>\n<li><strong>Sugilita<\/strong> \u2013 Propriedades bioenerg\u00e9ticas; hemisf\u00e9rio direito-esquerdo; sistema nervoso.<\/li>\n<li><strong>Top\u00e1zio<\/strong> \u2013 Pedra do progresso \u2013 Confian\u00e7a em expressar o poder da cria\u00e7\u00e3o, realiza\u00e7\u00e3o.<\/li>\n<li><strong>Top\u00e1zio Real<\/strong> \u2013 Pedra da prosperidade \u2013 Lideran\u00e7a, iniciativa, agilidade de racioc\u00ednio, considera\u00e7\u00e3o pelo pr\u00f3ximo.<\/li>\n<li><strong>Turmalina azul<\/strong> \u2013 Express\u00e3o verbal, falar e escutar; acalma a mente perturbada.<\/li>\n<li><strong>Turmalina melancia<\/strong> \u2013 Equilibra os sentimentos em rela\u00e7\u00e3o aos impulsos sexuais.<\/li>\n<li><strong>Turmalina negra<\/strong> \u2013 Elixir de prote\u00e7\u00e3o e limpeza; problemas de ang\u00fastia, ansiedade, depress\u00e3o e neuroses. Repele as energias negativas.<\/li>\n<li><strong>Turquesa<\/strong> \u2013 Desenvolve a habilidade para express\u00e3o e negocia\u00e7\u00e3o e equil\u00edbrio mental. Pedra da sorte e do dinheiro.<\/li>\n<li><strong>Uniquita<\/strong> \u2013 Expande a energia do cora\u00e7\u00e3o, trazendo luz para as emo\u00e7\u00f5es reprimidas.<\/li>\n<\/ol>\n","protected":false},"excerpt":{"rendered":"<p>Elixires de rochas e minerais s\u00e3o ess\u00eancias vibracionais. S\u00e3o usadas em combina\u00e7\u00e3o com as ess\u00eancias florais ou individualmente conforme o uso indicado. Atuam em niveis muito profundos e ativam o efeito das outras ess\u00eancias.<\/p>\n <a class=\"more-link\" href=\"https:\/\/nonaessencya.com.br\/vitrine\/?product=elixires-de-rochas-e-minerais\"><span class=\"more-msg\">Continuar lendo &rarr;<\/span><\/a>","protected":false},"featured_media":704,"comment_status":"closed","ping_status":"closed","template":"","meta":[],"product_cat":[263,257],"product_tag":[],"class_list":{"0":"post-703","1":"product","2":"type-product","3":"status-publish","4":"has-post-thumbnail","6":"product_cat-rochas-e-minerais","7":"product_cat-estoque","9":"first","10":"instock","11":"shipping-taxable","12":"purchasable","13":"product-type-simple"},"_links":{"self":[{"href":"https:\/\/nonaessencya.com.br\/vitrine\/index.php?rest_route=\/wp\/v2\/product\/703","targetHints":{"allow":["GET"]}}],"collection":[{"href":"https:\/\/nonaessencya.com.br\/vitrine\/index.php?rest_route=\/wp\/v2\/product"}],"about":[{"href":"https:\/\/nonaessencya.com.br\/vitrine\/index.php?rest_route=\/wp\/v2\/types\/product"}],"replies":[{"embeddable":true,"href":"https:\/\/nonaessencya.com.br\/vitrine\/index.php?rest_route=%2Fwp%2Fv2%2Fcomments&post=703"}],"wp:featuredmedia":[{"embeddable":true,"href":"https:\/\/nonaessencya.com.br\/vitrine\/index.php?rest_route=\/wp\/v2\/media\/704"}],"wp:attachment":[{"href":"https:\/\/nonaessencya.com.br\/vitrine\/index.php?rest_route=%2Fwp%2Fv2%2Fmedia&parent=703"}],"wp:term":[{"taxonomy":"product_cat","embeddable":true,"href":"https:\/\/nonaessencya.com.br\/vitrine\/index.php?rest_route=%2Fwp%2Fv2%2Fproduct_cat&post=703"},{"taxonomy":"product_tag","embeddable":true,"href":"https:\/\/nonaessencya.com.br\/vitrine\/index.php?rest_route=%2Fwp%2Fv2%2Fproduct_tag&post=703"}],"curies":[{"name":"wp","href":"https:\/\/api.w.org\/{rel}","templated":true}]}}