{"id":691,"date":"2015-09-12T06:48:54","date_gmt":"2015-09-12T09:48:54","guid":{"rendered":"http:\/\/nonaessencya.com.br\/vitrine\/?product=avulsas-formulas-compostas"},"modified":"2022-05-16T07:55:48","modified_gmt":"2022-05-16T10:55:48","slug":"avulsas-formulas-compostas","status":"publish","type":"product","link":"https:\/\/nonaessencya.com.br\/vitrine\/?product=avulsas-formulas-compostas","title":{"rendered":"F\u00f3rmulas Compostas"},"content":{"rendered":"<h3><strong>Voc\u00ea escolhe a ess\u00eancia que voc\u00ea quer!<\/strong><\/h3>\n<p>Estas ess\u00eancias pertencem \u00e1s F\u00f3rmulas compostas do sistema Nona Ess\u00eancya e podem ser adquiridas por unidade nesta pagina. Voc\u00ea escolhe a quantidade e clica em comprar. Depois voc\u00ea anota quais as ess\u00eancias que voc\u00ea quer que enviemos no campo <strong>Nota do pedido<\/strong> quando clicar em <strong>FINALIZAR A COMPRA &#8211; Favor anotar o nome da ess\u00eancia.<\/strong> Ver as informa\u00e7\u00f5es sobre cada essencia no <a href=\"http:\/\/nonaessencya.com.br\/?product=catalogo-digital\">catalogo<\/a>.<\/p>\n<ol>\n<li>Acalmando e Reconstruindo<\/li>\n<li>Aceita\u00e7\u00e3o<\/li>\n<li>Adapta\u00e7\u00e3o<\/li>\n<li>Ado\u00e7ando a Vida<\/li>\n<li>Adolesc\u00eancia<\/li>\n<li>Amor Incondicional<\/li>\n<li>Ansiedade<\/li>\n<li>Aprendendo<\/li>\n<li>Assumir-se<\/li>\n<li>Boas Vindas ao Planeta<\/li>\n<li>Buscando a Cura Interior<\/li>\n<li>Co-depend\u00eancia<\/li>\n<li>Compreendendo e Respeitando os Ritmos da Vida<\/li>\n<li>Comunh\u00e3o<\/li>\n<li>Concentra\u00e7\u00e3o e Mem\u00f3ria<\/li>\n<li>Controle<\/li>\n<li>Corpo Ideal<\/li>\n<li>Crescendo Junto<\/li>\n<li>Crescer<\/li>\n<li>Criando um Corpo de Luz<\/li>\n<li>Critica e Julgamento<\/li>\n<li>Depress\u00e3o<\/li>\n<li>Desbloqueio<\/li>\n<li>Desobstru\u00e7\u00e3o<\/li>\n<li>Digerindo Emo\u00e7\u00f5es<\/li>\n<li>Discernimento e Compreens\u00e3o<\/li>\n<li>Eficaz<\/li>\n<li>Ego\u00edsmo<\/li>\n<li>Emerg\u00eancia<\/li>\n<li>Equil\u00edbrio Interior<\/li>\n<li>Equil\u00edbrio Vibracional<\/li>\n<li>Escudo de luz<\/li>\n<li>Ess\u00eancia Ambiental Tempestade<\/li>\n<li>Ess\u00eancia Ambiental Temporal\/Vendaval<\/li>\n<li>Estabelecendo um Prop\u00f3sito de Vida<\/li>\n<li>Estar Presente<\/li>\n<li>Estresse F\u00edsico<\/li>\n<li>Estresse Mental<\/li>\n<li>Expressando-se Livremente com Sabedoria<\/li>\n<li>Felicidade sem Culpa<\/li>\n<li>Fluir<\/li>\n<li>Fogo da Vida<\/li>\n<li>Fonte Criadora<\/li>\n<li>For\u00e7a da Vida<\/li>\n<li>F\u00f3rmula de Limpeza<\/li>\n<li>Gra\u00e7a e Leveza<\/li>\n<li>Grupo Cristal<\/li>\n<li>Grupo Especial<\/li>\n<li>Grupo Madeira<\/li>\n<li>Grupo Merc\u00fario<\/li>\n<li>Grupo Ouro<\/li>\n<li>Grupo Pedra<\/li>\n<li>Grupo P\u00e9rola<\/li>\n<li>Harmonia com a Abund\u00e2ncia C\u00f3smica<\/li>\n<li>Harmoniza\u00e7\u00e3o com a Energia Ancestral<\/li>\n<li>Harmoniza\u00e7\u00e3o de Grupo<\/li>\n<li>Hipersensibilidade<\/li>\n<li>Hipocondria<\/li>\n<li>Idade de Ouro<\/li>\n<li>Ilus\u00e3o<\/li>\n<li>Intelig\u00eancia Emocional<\/li>\n<li>Intui\u00e7\u00e3o e Criatividade<\/li>\n<li>Intui\u00e7\u00e3o e L\u00f3gica<\/li>\n<li>Lidando com o Poder<\/li>\n<li>Mantendo o Sagrado<\/li>\n<li>Medita\u00e7\u00e3o<\/li>\n<li>Mudando e Adaptando<\/li>\n<li>Nervosismo<\/li>\n<li>O Poder do Equil\u00edbrio<\/li>\n<li>Organiza\u00e7\u00e3o e S\u00edntese<\/li>\n<li>Ousar<\/li>\n<li>P\u00e2nico<\/li>\n<li>Paz: o Outro P\u00f3lo do Conflito<\/li>\n<li>Plenitude<\/li>\n<li>Prazer<\/li>\n<li>Prosperidade<\/li>\n<li>Prote\u00e7\u00e3o<\/li>\n<li>Purifica\u00e7\u00e3o<\/li>\n<li>Renascer<\/li>\n<li>Renova\u00e7\u00e3o<\/li>\n<li>Resgate<\/li>\n<li>Responsabilidade com Alegria<\/li>\n<li>Reverenciando a Sabedoria Interior<\/li>\n<li>Sensualidade e Harmonia<\/li>\n<li>Serenidade<\/li>\n<li>Sintonizando com a Natureza<\/li>\n<li>S\u00f3 para Crian\u00e7as<\/li>\n<li>Soltando e Desapegando<\/li>\n<li>Sono Tranq\u00fcilo<\/li>\n<li>Superando Situa\u00e7\u00f5es Desafiadoras<\/li>\n<li>Terceiro Mil\u00eanio<\/li>\n<li>Trabalhando a Crian\u00e7a Interior<\/li>\n<li>Traduzindo a Luz da Alma<\/li>\n<li>Transi\u00e7\u00e3o<\/li>\n<li>Transmutando Dores<\/li>\n<li>Transmutando M\u00e1goas e Culpas<\/li>\n<li>Transmutando Medos<\/li>\n<li>Verdade<\/li>\n<li>Vis\u00e3o Clara<\/li>\n<li>Vontade e Persistencia<\/li>\n<li><strong>1\u00ba Chakra<\/strong> &#8211; Base ou Raiz \u2013 Muladhara<\/li>\n<li><strong>2\u00ba Chakra<\/strong> &#8211; Sacro ou Umbilical \u2013 Svadhishthana<\/li>\n<li><strong>3\u00ba Chakra<\/strong> &#8211; Plexo-Solar \u2013 Manipura<\/li>\n<li><strong>4\u00ba Chakra<\/strong> &#8211; Card\u00edaco \u2013 Anahata<\/li>\n<li><strong>5\u00ba Chakra<\/strong> &#8211; Lar\u00edngeo \u2013 Visuddha<\/li>\n<li><strong>6\u00ba Chakra<\/strong> &#8211; Frontal \u2013 Ajna<\/li>\n<li><strong>7\u00ba Chakra<\/strong> &#8211; Coron\u00e1rio \u2013 Sahasrara<\/li>\n<li><strong>INTEGRA\u00c7\u00c3O<\/strong><\/li>\n<\/ol>\n","protected":false},"excerpt":{"rendered":"<p>Voc\u00ea escolhe a ess\u00eancia que voc\u00ea quer! Estas ess\u00eancias pertencem \u00e1s F\u00f3rmulas compostas do sistema Nona Ess\u00eancya e podem ser adquiridas por unidade nesta pagina. Voc\u00ea escolhe a quantidade e clica em comprar. Depois voc\u00ea anota quais as ess\u00eancias que <span class=\"excerpt-dots\">&hellip;<\/span> <a class=\"more-link\" href=\"https:\/\/nonaessencya.com.br\/vitrine\/?product=avulsas-formulas-compostas\"><span class=\"more-msg\">Continuar lendo &rarr;<\/span><\/a><\/p>\n","protected":false},"featured_media":696,"comment_status":"closed","ping_status":"closed","template":"","meta":[],"product_cat":[257,125,123,144],"product_tag":[277,19,275,268,269,165,266,181,182,276,8,267,274,273,265],"class_list":{"0":"post-691","1":"product","2":"type-product","3":"status-publish","4":"has-post-thumbnail","6":"product_cat-estoque","7":"product_cat-auto-cura","8":"product_cat-bem-estar","9":"product_cat-compostas","10":"product_tag-agonia","11":"product_tag-ansiedade","12":"product_tag-apatia","13":"product_tag-brilho","14":"product_tag-carisma","15":"product_tag-depressao","16":"product_tag-direcionamento","17":"product_tag-estresse-fisico","18":"product_tag-estresse-mental","19":"product_tag-medo","20":"product_tag-memoria","21":"product_tag-motivacao","22":"product_tag-tpm","23":"product_tag-tristeza","24":"product_tag-vitalidade","26":"first","27":"instock","28":"shipping-taxable","29":"purchasable","30":"product-type-simple"},"_links":{"self":[{"href":"https:\/\/nonaessencya.com.br\/vitrine\/index.php?rest_route=\/wp\/v2\/product\/691","targetHints":{"allow":["GET"]}}],"collection":[{"href":"https:\/\/nonaessencya.com.br\/vitrine\/index.php?rest_route=\/wp\/v2\/product"}],"about":[{"href":"https:\/\/nonaessencya.com.br\/vitrine\/index.php?rest_route=\/wp\/v2\/types\/product"}],"replies":[{"embeddable":true,"href":"https:\/\/nonaessencya.com.br\/vitrine\/index.php?rest_route=%2Fwp%2Fv2%2Fcomments&post=691"}],"wp:featuredmedia":[{"embeddable":true,"href":"https:\/\/nonaessencya.com.br\/vitrine\/index.php?rest_route=\/wp\/v2\/media\/696"}],"wp:attachment":[{"href":"https:\/\/nonaessencya.com.br\/vitrine\/index.php?rest_route=%2Fwp%2Fv2%2Fmedia&parent=691"}],"wp:term":[{"taxonomy":"product_cat","embeddable":true,"href":"https:\/\/nonaessencya.com.br\/vitrine\/index.php?rest_route=%2Fwp%2Fv2%2Fproduct_cat&post=691"},{"taxonomy":"product_tag","embeddable":true,"href":"https:\/\/nonaessencya.com.br\/vitrine\/index.php?rest_route=%2Fwp%2Fv2%2Fproduct_tag&post=691"}],"curies":[{"name":"wp","href":"https:\/\/api.w.org\/{rel}","templated":true}]}}