{"id":684,"date":"2015-09-11T20:35:43","date_gmt":"2015-09-11T23:35:43","guid":{"rendered":"http:\/\/nonaessencya.com.br\/vitrine\/?product=38-essencias-avulsas-kc"},"modified":"2022-05-16T07:38:42","modified_gmt":"2022-05-16T10:38:42","slug":"38-essencias-avulsas-kc","status":"publish","type":"product","link":"https:\/\/nonaessencya.com.br\/vitrine\/?product=38-essencias-avulsas-kc","title":{"rendered":"Kit Cerrado &#8211; avulsas"},"content":{"rendered":"<p>Estas ess\u00eancias pertencem ao Kit Cerrado e podem ser adquiridas por unidade nesta pagina. Voc\u00ea escolhe a quantidade e clica em comprar. Depois voc\u00ea anota quais as ess\u00eancias que voc\u00ea quer que enviemos no campo Nota do pedido ao clicar em FINALIZAR A COMPRA.<\/p>\n<p><strong><b>1 . ALFAVACA<\/b><\/strong> &#8211; (<em><i>Ocimum basilicum<\/i><\/em>) = <strong><b>Discernimento, compreens\u00e3o.<\/b><\/strong><\/p>\n<p><strong><b>2 . ANGIQUINHO<\/b><\/strong> &#8211; ( <em><i>Acacia plumosa<\/i><\/em> ) = <strong><b>Do\u00e7ura, auto-estima, consci\u00eancia de grupo.<\/b><\/strong><\/p>\n<p><strong><b>3 . \u00c0RVORE DO PINCEL <\/b><\/strong><em><i>(Piptocarpha rotundifolia) = <\/i><\/em><strong><b>Muitas id\u00e9ias, pouca a\u00e7\u00e3o, procrastina\u00e7\u00e3o.<\/b><\/strong><\/p>\n<p><strong><b>4 . AZEDINHA-DO-CAMPO <\/b><\/strong><em><i>(Oxalis campestris) = <\/i><\/em><strong><b>Amargura, tristeza.<\/b><\/strong><\/p>\n<p><strong><b>5 . BARBATIM\u00c3O (<\/b><\/strong><em><i>Ac\u00e1cia virginalis) = <\/i><\/em><strong><b>Limpeza, autocura.<\/b><\/strong><\/p>\n<p><strong><b>6 . BUQU\u00ca DE NOIVA <\/b><\/strong><em><i>(Deianira chiquitana) = <\/i><\/em><strong><b>Flexibilidades, mudan\u00e7as.<\/b><\/strong><\/p>\n<p><strong><b>7 . CALIANDRA-DO-CERRADO <\/b><\/strong><em><i>( Caliandra tweed ) = <\/i><\/em><strong><b>Energia vital, rejuvenescimento.<\/b><\/strong><\/p>\n<p><strong><b>8 . CAPIM-FLEXINHA <\/b><\/strong><em><i>( Echinolaena inflexa ) = <\/i><\/em><strong><b>Direcionamento, meta.<\/b><\/strong><\/p>\n<p><strong><b>9 . CHAPADA <\/b><\/strong><em><i> (Sweetia dasycarpa) = <\/i><\/em><strong><b>Renova\u00e7\u00e3o, vontade de viver.<\/b><\/strong><\/p>\n<p><strong><b>10 . CHUVA-DE-OURO-DO-CERRADO <\/b><\/strong><em><i>(Banisteria argyrophylla) =<\/i><\/em><strong><b> Prosperidade, auto-confian\u00e7a, coragem<\/b><\/strong>.<\/p>\n<p><strong><b>11 . CIP\u00d3-DOURADO <\/b><\/strong><em><i>(Davila rugosa) = <\/i><\/em><strong><b>Organiza\u00e7\u00e3o e ritmo, quando se sentem cansados pelas solicita\u00e7\u00f5es da vida.<\/b><\/strong><\/p>\n<p><strong><b>12 . COQUEIRINHO <\/b><\/strong><em><i>(Marica paludosa) = <\/i><\/em><strong><b>Melancolia, medo do desconhecido.<\/b><\/strong><\/p>\n<p><strong><b>13 . CORA\u00c7\u00c3O-MAGOADO <\/b><\/strong><em><i>(Eremanthus sphaerocephalus) = <\/i><\/em><strong><b>Depress\u00e3o, perdas, ang\u00fastia.<\/b><\/strong><\/p>\n<p><strong><b>14 . COUVE-CRAVINHO <\/b><\/strong><em><i>(Porophillum ruderale) =<\/i><\/em> <strong><b>inseguran\u00e7a, desanima facilmente, m<\/b><\/strong><strong><b>edo de coisas conhecidas; facilitar a caminhada terrena.<\/b><\/strong><\/p>\n<p><strong><b>15 . CRAVINHO-DO-CERRADO <\/b><\/strong><em><i>(Vernonia grandiflora) = <\/i><\/em><strong><b>Saudosismo, viver no passado.<\/b><\/strong><\/p>\n<p><strong><b>16 . CRISTA-DE-PAV\u00c3O <\/b><\/strong><em><i>(Starchytarpheta bi-color) = <\/i><\/em><strong><b>Indecis\u00e3o, inseguran\u00e7a; equil\u00edbrio dos hemisf\u00e9rios cerebrais.<\/b><\/strong><\/p>\n<p><strong><b>17 . DOURAD\u00c3O <\/b><\/strong><em><i>(Palicoureia aurata) <strong><b>= <\/b><\/strong><\/i><\/em><strong><b>Dificuldade para assumir mudan\u00e7as, e<\/b><\/strong><strong><b>stresse, cansa\u00e7o.<\/b><\/strong><\/p>\n<p><strong><b>18 . FEDEGOSO <\/b><\/strong><em><i>(Cassia hirsuta) = <\/i><\/em><strong><b>Sentimentos auto-destrutivos; purifica\u00e7\u00e3o dos pensamentos.<\/b><\/strong><\/p>\n<p><strong><b>19 . FRAMBOESA <\/b><\/strong><em><i>(Rubus rosaefolius) = <\/i><\/em><strong><b>Vontade fraca, pessoa influenci\u00e1vel, ansiosa por servir.<\/b><\/strong><\/p>\n<p><strong><b>20 . GUATAMB\u00da <\/b><\/strong><em><i>(Aspidosperma parvifolium) = <\/i><\/em><strong><b>ansiedade; e<\/b><\/strong><strong><b>mo\u00e7\u00f5es retidas; ajuda a soltar, desapegar, medo de tirar a m\u00e1scara.<\/b><\/strong><\/p>\n<p><strong><b>21 . LARANJEIRINHA-DO-CERRADO<\/b><\/strong><em><i> (Stirax camporum) = <\/i><\/em><strong><b>Mudan\u00e7as cont\u00ednuas de humor; repetir etapas;<\/b><\/strong><\/p>\n<p><strong><b>22 . LIXA <\/b><\/strong><em><i>(Curatela americana) = <\/i><\/em>Intoler\u00e2ncia, c<strong><b>riticar, julgar; dificuldades nos relacionamentos.<\/b><\/strong><\/p>\n<p><strong><b>23 . MAL\u00cdCIA\u00a0\u00a0 <\/b><\/strong><em><i>(Mimosa pudica) = <\/i><\/em><strong><b>Raiva, irrita\u00e7\u00e3o, inveja, ci\u00fame, discimula\u00e7\u00e3o.<\/b><\/strong><\/p>\n<p><strong><b>24 . MARAVILHA-ROSA <\/b><\/strong><em><i>(Mirabilis jalapa) =<\/i><\/em> <strong><b>Desperta para viver o potencial m\u00e1ximo<\/b><\/strong>; <strong><b>ativa o brilho, aumenta o poder pessoal e <\/b><\/strong>a<strong><b>uto-confian\u00e7a.<\/b><\/strong><\/p>\n<p><strong><b>25 . MARGARID\u00c3O- AMARELO <\/b><\/strong><em><i>(Tithonia diversifolia) = <\/i><\/em><strong><b>Mem\u00f3ria, concentra\u00e7\u00e3o, presen\u00e7a, aprendizado.<\/b><\/strong><\/p>\n<p><strong><b>26 . ORA-PR\u00d3-NOBIS <\/b><\/strong><em><i>(Talinum patens) = <\/i><\/em><strong><b>Aumenta a f\u00e9; ajuda a renascer para a vida.<\/b><\/strong><\/p>\n<p><strong><b>27 . PAU-DE-ROSAS <\/b><\/strong><em><i>(Physocalymma scaberrimum = <\/i><\/em><strong><b>D<\/b><\/strong><strong><b>issipa a rigidez; aumenta o prazer de viver.<\/b><\/strong><\/p>\n<p><strong><b>28 . PEGA-PINTO <\/b><\/strong><em><i>(Alternanthera ficoidea) = <\/i><\/em><strong><b>Ego\u00edsmo, c<\/b><\/strong><strong><b>ar\u00eancia afetiva, inseguran\u00e7a, medo da solid\u00e3o.<\/b><\/strong><\/p>\n<p><strong><b>29 . PI\u00c3O-ROXO (<\/b><\/strong><em><i>Jatropha gossypiifolia) = <\/i><\/em><strong><b>Prote\u00e7\u00e3o contra obsessores, vampirizadores; limpeza de energias negativas. <\/b><\/strong><\/p>\n<p><strong><b>30 . QUARESMEIRA-DO-CERRADO <\/b><\/strong><em><i>(Tibouchina granulosa) = <\/i><\/em><strong><b>Transmuta sentimentos de culpa; ajuda nos momentos de transi\u00e7\u00e3o.<\/b><\/strong><\/p>\n<p><strong><b>31 . RABO-DE-PEIXE <\/b><\/strong><em><i>(Chanaecrista desvankii) = <\/i><\/em><strong><b>Preocupa\u00e7\u00e3o obsessiva com os entes queridos, mania de controlar, Chantagem. <\/b><\/strong><\/p>\n<p><strong><b>32 . SANGUE-DE-CRISTO <\/b><\/strong><em><i>(Sabicea cana) = <\/i><\/em><strong><b>Sentir-se v\u00edtima, sacrificado, injusti\u00e7ado, ressentido, explorado.<\/b><\/strong><\/p>\n<p><strong><b>33 . SERRALHA-BRAVA <\/b><\/strong><em><i>(Sonchus oleraceus) = <\/i><\/em><strong><b>Pessoas amargas, d<\/b><\/strong><strong><b>eprimidas, desanimadas, falta de vontade de lutar pela melhora.<\/b><\/strong><\/p>\n<p><strong><b>34 . SERRALHINHA <\/b><\/strong><em><i>(Em\u00edlia sonchifolia) = <\/i><\/em><strong><b>Impaci\u00eancia, agita\u00e7\u00e3o, pressa, sentir-se incompreendida.<\/b><\/strong><\/p>\n<p><strong><b>35 . SUMAR\u00c9 <\/b><\/strong><em><i>(Cyrtopodium punctatum) = <\/i><\/em><strong><b>Sentir-se sobrecarregado; somatizar doen\u00e7as; coragem para buscar internamente for\u00e7a para fazer as mudan\u00e7as.<\/b><\/strong><\/p>\n<p><strong><b>36 . TIMB\u00d3-DO-CERRADO <\/b><\/strong><em><i>(Serjania erecta) = <\/i><\/em><strong><b>Falta de a\u00e7\u00e3o diante de emerg\u00eancias; preocupa\u00e7\u00e3o excessiva com as pessoas queridas, esquecendo de si mesma.<\/b><\/strong><\/p>\n<p><strong><b>37 . TORA<\/b><\/strong><em><i> (Cassia tora) = <\/i><\/em><strong><b>Pessoa preconceituosa, cr\u00edtica, r\u00edgida; Ajuda a liberar tens\u00e3o emocional no plexo solar.<\/b><\/strong><\/p>\n<p><strong><b>38 . VIGNA <\/b><\/strong><em><i>(Vigna vexilata) = <\/i><\/em><strong><b>P\u00e2nico, medos profundos, terror; Acidentes, doen\u00e7as graves<\/b><\/strong><\/p>\n","protected":false},"excerpt":{"rendered":"<p>Estas ess\u00eancias pertencem ao Kit Cerrado e podem ser adquiridas por unidade nesta pagina. Voc\u00ea escolhe a quantidade e clica em comprar. Depois voc\u00ea anota quais as ess\u00eancias que voc\u00ea quer que enviemos no campo Nota do pedido ao clicar <span class=\"excerpt-dots\">&hellip;<\/span> <a class=\"more-link\" href=\"https:\/\/nonaessencya.com.br\/vitrine\/?product=38-essencias-avulsas-kc\"><span class=\"more-msg\">Continuar lendo &rarr;<\/span><\/a><\/p>\n","protected":false},"featured_media":688,"comment_status":"closed","ping_status":"closed","template":"","meta":[],"product_cat":[262,122,125,123],"product_tag":[165,181,182,276,8,267,274,273,265],"class_list":{"0":"post-684","1":"product","2":"type-product","3":"status-publish","4":"has-post-thumbnail","6":"product_cat-produtos-kit-cerrado","7":"product_cat-ofertas","8":"product_cat-auto-cura","9":"product_cat-bem-estar","10":"product_tag-depressao","11":"product_tag-estresse-fisico","12":"product_tag-estresse-mental","13":"product_tag-medo","14":"product_tag-memoria","15":"product_tag-motivacao","16":"product_tag-tpm","17":"product_tag-tristeza","18":"product_tag-vitalidade","20":"first","21":"instock","22":"shipping-taxable","23":"purchasable","24":"product-type-simple"},"_links":{"self":[{"href":"https:\/\/nonaessencya.com.br\/vitrine\/index.php?rest_route=\/wp\/v2\/product\/684","targetHints":{"allow":["GET"]}}],"collection":[{"href":"https:\/\/nonaessencya.com.br\/vitrine\/index.php?rest_route=\/wp\/v2\/product"}],"about":[{"href":"https:\/\/nonaessencya.com.br\/vitrine\/index.php?rest_route=\/wp\/v2\/types\/product"}],"replies":[{"embeddable":true,"href":"https:\/\/nonaessencya.com.br\/vitrine\/index.php?rest_route=%2Fwp%2Fv2%2Fcomments&post=684"}],"wp:featuredmedia":[{"embeddable":true,"href":"https:\/\/nonaessencya.com.br\/vitrine\/index.php?rest_route=\/wp\/v2\/media\/688"}],"wp:attachment":[{"href":"https:\/\/nonaessencya.com.br\/vitrine\/index.php?rest_route=%2Fwp%2Fv2%2Fmedia&parent=684"}],"wp:term":[{"taxonomy":"product_cat","embeddable":true,"href":"https:\/\/nonaessencya.com.br\/vitrine\/index.php?rest_route=%2Fwp%2Fv2%2Fproduct_cat&post=684"},{"taxonomy":"product_tag","embeddable":true,"href":"https:\/\/nonaessencya.com.br\/vitrine\/index.php?rest_route=%2Fwp%2Fv2%2Fproduct_tag&post=684"}],"curies":[{"name":"wp","href":"https:\/\/api.w.org\/{rel}","templated":true}]}}