{"id":659,"date":"2015-09-10T12:19:50","date_gmt":"2015-09-10T15:19:50","guid":{"rendered":"http:\/\/nonaessencya.com.br\/vitrine\/?post_type=product&#038;p=659"},"modified":"2022-05-16T07:44:09","modified_gmt":"2022-05-16T10:44:09","slug":"atendimento","status":"publish","type":"product","link":"https:\/\/nonaessencya.com.br\/vitrine\/?product=atendimento","title":{"rendered":"Atendimentos por telefone"},"content":{"rendered":"<p>Atendimentos por telefone ou por skype<\/p>\n<p>As ess\u00eancias florais s\u00e3o remedios naturais sem contra indica\u00e7\u00e3o e s\u00e3o exelentes para casos de estresse, depressao, ansiedade, TPM, para ocasi\u00e3o dos concursos e provas, etc.<\/p>\n<p>Vov\u00ea pode fazer seu atendimento e a escolha dos seus florais atrav\u00e9z de uma consulta telefonica com a terapeuta <strong>Nadir Vilela<\/strong>. Voc\u00ea compra a consulta nesta pagina, combina o hor\u00e1rio do atendimento (cerca de 1 hora). Ela vai lhe telefonar no horario agendado para a sua consulta. Vai fazer uma avalia\u00e7\u00e3o do caso e vai indicar as ess\u00eancias recomendadas para voc\u00ea se equilibrar energeticamente e se sentir melhor. Voc\u00ea anota a sua f\u00f3rmula e pode encomenda-la diretamente pelo nosso <a href=\"https:\/\/nonaessencya.com.br\/vitrine\/\">site<\/a>.<\/p>\n<p>Ela atende de <strong>ter\u00e7a \u00e1 quinta-feita no per\u00edodo da manh\u00e3 e da tarde<\/strong>. Anote o seu hor\u00e1rio de preferencia ao preencher o campo de &#8220;detalhes&#8221; ap\u00f3s clicar em COMPRAR. A agenda fica no consult\u00f3rio e precisa de controle para marca\u00e7\u00e3o. N\u00f3s lhe confirmaremos o hor\u00e1rio por email ou por telefone (como voc\u00ea indicar). Caso voc\u00ea nescessite de um <strong>hor\u00e1rio especial<\/strong> n\u00e3o exite em fazer o seu pedido. Como terapeuta ela \u00e9 muito fexivel e est\u00e1 sempre pronta para ajudar os que a procuram.<\/p>\n<p>Al\u00e9m da enorme experi\u00eancia que ela tem na \u00e1rea terap\u00eautica , Nadir utiliza tamb\u00e9m radiestezia (p\u00eandulo) para a escolha e o controle da eficiencia das ess\u00eancias das suas f\u00f3rmulas.<\/p>\n","protected":false},"excerpt":{"rendered":"<p>Atendimentos por telefone ou por skype As ess\u00eancias florais s\u00e3o remedios naturais sem contra indica\u00e7\u00e3o e s\u00e3o exelentes para casos de estresse, depressao, ansiedade, TPM, para ocasi\u00e3o dos concursos e provas, etc. Vov\u00ea pode fazer seu atendimento e a escolha <span class=\"excerpt-dots\">&hellip;<\/span> <a class=\"more-link\" href=\"https:\/\/nonaessencya.com.br\/vitrine\/?product=atendimento\"><span class=\"more-msg\">Continuar lendo &rarr;<\/span><\/a><\/p>\n","protected":false},"featured_media":651,"comment_status":"closed","ping_status":"closed","template":"","meta":[],"product_cat":[122,258,123],"product_tag":[5,271,9,272,143,270],"class_list":{"0":"post-659","1":"product","2":"type-product","3":"status-publish","4":"has-post-thumbnail","6":"product_cat-ofertas","7":"product_cat-formula_pessoal","8":"product_cat-bem-estar","9":"product_tag-concursos","10":"product_tag-consulta","11":"product_tag-estresse","12":"product_tag-formula-pessoal","13":"product_tag-formulas-compostas","14":"product_tag-nadir-vilela","16":"first","17":"instock","18":"virtual","19":"purchasable","20":"product-type-simple"},"_links":{"self":[{"href":"https:\/\/nonaessencya.com.br\/vitrine\/index.php?rest_route=\/wp\/v2\/product\/659","targetHints":{"allow":["GET"]}}],"collection":[{"href":"https:\/\/nonaessencya.com.br\/vitrine\/index.php?rest_route=\/wp\/v2\/product"}],"about":[{"href":"https:\/\/nonaessencya.com.br\/vitrine\/index.php?rest_route=\/wp\/v2\/types\/product"}],"replies":[{"embeddable":true,"href":"https:\/\/nonaessencya.com.br\/vitrine\/index.php?rest_route=%2Fwp%2Fv2%2Fcomments&post=659"}],"wp:featuredmedia":[{"embeddable":true,"href":"https:\/\/nonaessencya.com.br\/vitrine\/index.php?rest_route=\/wp\/v2\/media\/651"}],"wp:attachment":[{"href":"https:\/\/nonaessencya.com.br\/vitrine\/index.php?rest_route=%2Fwp%2Fv2%2Fmedia&parent=659"}],"wp:term":[{"taxonomy":"product_cat","embeddable":true,"href":"https:\/\/nonaessencya.com.br\/vitrine\/index.php?rest_route=%2Fwp%2Fv2%2Fproduct_cat&post=659"},{"taxonomy":"product_tag","embeddable":true,"href":"https:\/\/nonaessencya.com.br\/vitrine\/index.php?rest_route=%2Fwp%2Fv2%2Fproduct_tag&post=659"}],"curies":[{"name":"wp","href":"https:\/\/api.w.org\/{rel}","templated":true}]}}