{"id":601,"date":"2015-09-07T06:57:56","date_gmt":"2015-09-07T09:57:56","guid":{"rendered":"http:\/\/nonaessencya.com\/vitrine\/?product=floral-ambiental-estudo"},"modified":"2022-05-16T07:45:51","modified_gmt":"2022-05-16T10:45:51","slug":"floral-ambiental-estudo","status":"publish","type":"product","link":"https:\/\/nonaessencya.com.br\/vitrine\/?product=floral-ambiental-estudo","title":{"rendered":"Floral Ambiental Estudo"},"content":{"rendered":"<p>Floral Ambiental Estudo em spray\u00a0 de 150ml, cont\u00e9m ess\u00eancias de flores e Elixires de rochas e minerais do sistema Nona Ess\u00eancya.<\/p>\n<p>\u00c9 indicado para aspergir na sala de estudo ou na sala de aula. Esta ess\u00eancia cria um ambiente propicio para a concentra\u00e7\u00e3o e aprendizado. Aumenta a aten\u00e7\u00e3o e a concentra\u00e7\u00e3o ajudando no aprendizado e reten\u00e7\u00e3o das informa\u00e7\u00f5es recebidas.<\/p>\n","protected":false},"excerpt":{"rendered":"<p>Floral Ambiental Estudo em spray\u00a0 de 150ml, cont\u00e9m ess\u00eancias de flores e Elixires de rochas e minerais do sistema Nona Ess\u00eancya. \u00c9 indicado para aspergir na sala de estudo ou na sala de aula. Esta ess\u00eancia cria um ambiente propicio <span class=\"excerpt-dots\">&hellip;<\/span> <a class=\"more-link\" href=\"https:\/\/nonaessencya.com.br\/vitrine\/?product=floral-ambiental-estudo\"><span class=\"more-msg\">Continuar lendo &rarr;<\/span><\/a><\/p>\n","protected":false},"featured_media":595,"comment_status":"closed","ping_status":"closed","template":"","meta":[],"product_cat":[122,123,260],"product_tag":[],"class_list":{"0":"post-601","1":"product","2":"type-product","3":"status-publish","4":"has-post-thumbnail","6":"product_cat-ofertas","7":"product_cat-bem-estar","8":"product_cat-floral-ambiental","10":"first","11":"instock","12":"shipping-taxable","13":"purchasable","14":"product-type-simple"},"_links":{"self":[{"href":"https:\/\/nonaessencya.com.br\/vitrine\/index.php?rest_route=\/wp\/v2\/product\/601","targetHints":{"allow":["GET"]}}],"collection":[{"href":"https:\/\/nonaessencya.com.br\/vitrine\/index.php?rest_route=\/wp\/v2\/product"}],"about":[{"href":"https:\/\/nonaessencya.com.br\/vitrine\/index.php?rest_route=\/wp\/v2\/types\/product"}],"replies":[{"embeddable":true,"href":"https:\/\/nonaessencya.com.br\/vitrine\/index.php?rest_route=%2Fwp%2Fv2%2Fcomments&post=601"}],"wp:featuredmedia":[{"embeddable":true,"href":"https:\/\/nonaessencya.com.br\/vitrine\/index.php?rest_route=\/wp\/v2\/media\/595"}],"wp:attachment":[{"href":"https:\/\/nonaessencya.com.br\/vitrine\/index.php?rest_route=%2Fwp%2Fv2%2Fmedia&parent=601"}],"wp:term":[{"taxonomy":"product_cat","embeddable":true,"href":"https:\/\/nonaessencya.com.br\/vitrine\/index.php?rest_route=%2Fwp%2Fv2%2Fproduct_cat&post=601"},{"taxonomy":"product_tag","embeddable":true,"href":"https:\/\/nonaessencya.com.br\/vitrine\/index.php?rest_route=%2Fwp%2Fv2%2Fproduct_tag&post=601"}],"curies":[{"name":"wp","href":"https:\/\/api.w.org\/{rel}","templated":true}]}}