{"id":561,"date":"2015-09-04T11:04:33","date_gmt":"2015-09-04T14:04:33","guid":{"rendered":"http:\/\/nonaessencya.com\/vitrine\/?product=f-p-10-essencias"},"modified":"2022-05-16T07:52:22","modified_gmt":"2022-05-16T10:52:22","slug":"f-p-10-essencias","status":"publish","type":"product","link":"https:\/\/nonaessencya.com.br\/vitrine\/?product=f-p-10-essencias","title":{"rendered":"F P 10 ess\u00eancias"},"content":{"rendered":"<p>Esta formula \u00e9 escolhida por voc\u00ea ou pelo seu terapeuta especialmente para voc\u00ea. e pode ter <strong>at\u00e9 10 ess\u00eancias<\/strong>.<\/p>\n<p>Voc\u00ea anota o nome das ess\u00eancias da Nona Ess\u00eancia que voc\u00ea quer no seu final do seu pedido na area dos coment\u00e1rios, ao concluir a compra. Quando recebermos o aviso do pagamento do pedido n\u00f3s manipulamos a sua f\u00f3rmula e enviamos para voc\u00ea. No <a href=\"http:\/\/nonaessencya.com\/vitrine\/?product=catalogo-digital\">Cat\u00e1logo <\/a>voc\u00ea encontra as informa\u00e7\u00f5es necess\u00e1rias para fazer a sua escolha.<\/p>\n<p>Caso voc\u00ea necessite de algo especial que n\u00e3o encontre no site entre em <a href=\"http:\/\/nonaessencya.com\/vitrine\/?page_id=430\">contato <\/a>que faremos o poss\u00edvel para ajuda-lo.<\/p>\n<p>Voc\u00ea tamb\u00e9m pode fazer uma consulta por telefone ou skype com <a href=\"http:\/\/nonaessencya.com\/vitrine\/?page_id=229\">Nadir Vilela.<\/a><\/p>\n<p>As ess\u00eancias vibracionais n\u00e3o possuem contra indica\u00e7\u00e3o e podem ser utilizadas junto com outras terapias.<\/p>\n<p>&nbsp;<\/p>\n","protected":false},"excerpt":{"rendered":"<p>Esta formula \u00e9 escolhida por voc\u00ea ou pelo seu terapeuta especialmente para voc\u00ea. e pode ter at\u00e9 10 ess\u00eancias. Voc\u00ea anota o nome das ess\u00eancias da Nona Ess\u00eancia que voc\u00ea quer no seu final do seu pedido na area dos <span class=\"excerpt-dots\">&hellip;<\/span> <a class=\"more-link\" href=\"https:\/\/nonaessencya.com.br\/vitrine\/?product=f-p-10-essencias\"><span class=\"more-msg\">Continuar lendo &rarr;<\/span><\/a><\/p>\n","protected":false},"featured_media":615,"comment_status":"closed","ping_status":"closed","template":"","meta":[],"product_cat":[258],"product_tag":[],"class_list":{"0":"post-561","1":"product","2":"type-product","3":"status-publish","4":"has-post-thumbnail","6":"product_cat-formula_pessoal","8":"first","9":"instock","10":"shipping-taxable","11":"purchasable","12":"product-type-simple"},"_links":{"self":[{"href":"https:\/\/nonaessencya.com.br\/vitrine\/index.php?rest_route=\/wp\/v2\/product\/561","targetHints":{"allow":["GET"]}}],"collection":[{"href":"https:\/\/nonaessencya.com.br\/vitrine\/index.php?rest_route=\/wp\/v2\/product"}],"about":[{"href":"https:\/\/nonaessencya.com.br\/vitrine\/index.php?rest_route=\/wp\/v2\/types\/product"}],"replies":[{"embeddable":true,"href":"https:\/\/nonaessencya.com.br\/vitrine\/index.php?rest_route=%2Fwp%2Fv2%2Fcomments&post=561"}],"wp:featuredmedia":[{"embeddable":true,"href":"https:\/\/nonaessencya.com.br\/vitrine\/index.php?rest_route=\/wp\/v2\/media\/615"}],"wp:attachment":[{"href":"https:\/\/nonaessencya.com.br\/vitrine\/index.php?rest_route=%2Fwp%2Fv2%2Fmedia&parent=561"}],"wp:term":[{"taxonomy":"product_cat","embeddable":true,"href":"https:\/\/nonaessencya.com.br\/vitrine\/index.php?rest_route=%2Fwp%2Fv2%2Fproduct_cat&post=561"},{"taxonomy":"product_tag","embeddable":true,"href":"https:\/\/nonaessencya.com.br\/vitrine\/index.php?rest_route=%2Fwp%2Fv2%2Fproduct_tag&post=561"}],"curies":[{"name":"wp","href":"https:\/\/api.w.org\/{rel}","templated":true}]}}