{"id":559,"date":"2015-09-04T10:50:04","date_gmt":"2015-09-04T13:50:04","guid":{"rendered":"http:\/\/nonaessencya.com\/vitrine\/?product=f-p-5-essencias"},"modified":"2022-05-16T07:45:19","modified_gmt":"2022-05-16T10:45:19","slug":"f-p-5-essencias","status":"publish","type":"product","link":"https:\/\/nonaessencya.com.br\/vitrine\/?product=f-p-5-essencias","title":{"rendered":"F P 5 ess\u00eancias"},"content":{"rendered":"<p>Esta f\u00f3rmula \u00e9 escolhida por voc\u00ea ou pelo seu terap\u00eauta especialmente para voc\u00ea. e pode ter <strong>at\u00e9 5 ess\u00eancias<\/strong>.<\/p>\n<p>Voc\u00ea anota o nome das ess\u00eancias da Nona Ess\u00eancia que voc\u00ea quer no seu final do seu pedido na area dos coment\u00e1rios, ao concluir a compra. Quando recebermos o aviso do pagamento do pedido n\u00f3s manipulamos a sua f\u00f3rmula e enviamos para voc\u00ea. No <a href=\"http:\/\/nonaessencya.com\/vitrine\/?product=catalogo-digital\">Cat\u00e1logo <\/a>voc\u00ea encontra as informa\u00e7\u00f5es necess\u00e1rias para fazer a sua escolha.<\/p>\n<p>Caso voc\u00ea necessite de algo especial que n\u00e3o encontre no site entre em <a href=\"http:\/\/nonaessencya.com\/vitrine\/?page_id=430\">contato <\/a>que faremos o poss\u00edvel para ajuda-lo.<\/p>\n<p>Voc\u00ea tamb\u00e9m pode fazer uma consulta por telefone ou skype com <a href=\"http:\/\/nonaessencya.com\/vitrine\/?page_id=229\">Nadir Vilela.<\/a><\/p>\n<p>As ess\u00eancias vibracionais n\u00e3o possuem contra indica\u00e7\u00e3o e podem ser utilizadas junto com outras terapias.<\/p>\n<p>&nbsp;<\/p>\n","protected":false},"excerpt":{"rendered":"<p>Esta f\u00f3rmula \u00e9 escolhida por voc\u00ea ou pelo seu terap\u00eauta especialmente para voc\u00ea. e pode ter at\u00e9 5 ess\u00eancias. Voc\u00ea anota o nome das ess\u00eancias da Nona Ess\u00eancia que voc\u00ea quer no seu final do seu pedido na area dos <span class=\"excerpt-dots\">&hellip;<\/span> <a class=\"more-link\" href=\"https:\/\/nonaessencya.com.br\/vitrine\/?product=f-p-5-essencias\"><span class=\"more-msg\">Continuar lendo &rarr;<\/span><\/a><\/p>\n","protected":false},"featured_media":618,"comment_status":"closed","ping_status":"closed","template":"","meta":[],"product_cat":[258,125,123],"product_tag":[],"class_list":{"0":"post-559","1":"product","2":"type-product","3":"status-publish","4":"has-post-thumbnail","6":"product_cat-formula_pessoal","7":"product_cat-auto-cura","8":"product_cat-bem-estar","10":"first","11":"instock","12":"shipping-taxable","13":"purchasable","14":"product-type-simple"},"_links":{"self":[{"href":"https:\/\/nonaessencya.com.br\/vitrine\/index.php?rest_route=\/wp\/v2\/product\/559","targetHints":{"allow":["GET"]}}],"collection":[{"href":"https:\/\/nonaessencya.com.br\/vitrine\/index.php?rest_route=\/wp\/v2\/product"}],"about":[{"href":"https:\/\/nonaessencya.com.br\/vitrine\/index.php?rest_route=\/wp\/v2\/types\/product"}],"replies":[{"embeddable":true,"href":"https:\/\/nonaessencya.com.br\/vitrine\/index.php?rest_route=%2Fwp%2Fv2%2Fcomments&post=559"}],"wp:featuredmedia":[{"embeddable":true,"href":"https:\/\/nonaessencya.com.br\/vitrine\/index.php?rest_route=\/wp\/v2\/media\/618"}],"wp:attachment":[{"href":"https:\/\/nonaessencya.com.br\/vitrine\/index.php?rest_route=%2Fwp%2Fv2%2Fmedia&parent=559"}],"wp:term":[{"taxonomy":"product_cat","embeddable":true,"href":"https:\/\/nonaessencya.com.br\/vitrine\/index.php?rest_route=%2Fwp%2Fv2%2Fproduct_cat&post=559"},{"taxonomy":"product_tag","embeddable":true,"href":"https:\/\/nonaessencya.com.br\/vitrine\/index.php?rest_route=%2Fwp%2Fv2%2Fproduct_tag&post=559"}],"curies":[{"name":"wp","href":"https:\/\/api.w.org\/{rel}","templated":true}]}}