{"id":549,"date":"2015-09-03T18:14:35","date_gmt":"2015-09-03T21:14:35","guid":{"rendered":"http:\/\/nonaessencya.com\/vitrine\/?post_type=product&#038;p=549"},"modified":"2015-09-10T05:59:24","modified_gmt":"2015-09-10T08:59:24","slug":"catalogo-digital","status":"publish","type":"product","link":"https:\/\/nonaessencya.com.br\/vitrine\/?product=catalogo-digital","title":{"rendered":"Cat\u00e1logo Digital"},"content":{"rendered":"<p>Este \u00e9 o catalogo digital em PDF com os produtos da Nona Ess\u00eancia. Nele comt\u00e9m os textos que definem os temas que cada essencia ou formula trabalham. Kit Cerrado, KIt Compostas, Kit Chakras, Kit Especial, Kit Emresarial, Elixires de Rochas e minerais.<\/p>\n<p>Com este catalogo voc\u00ea tem \u00e1 m\u00e3o textos que ajudam na escolha das ess\u00eancias para elaborar uma F\u00f3rmula pessoal.<\/p>\n<p>Voc\u00ea pode clicar em comprar e concluir sua compra sem pagar e fazer o download GRATIS.<\/p>\n","protected":false},"excerpt":{"rendered":"<p>Este \u00e9 o catalogo digital em PDF com os produtos da Nona Ess\u00eancia. Nele comt\u00e9m os textos que definem os temas que cada essencia ou formula trabalham. Kit Cerrado, KIt Compostas, Kit Chakras, Kit Especial, Kit Emresarial, Elixires de Rochas <span class=\"excerpt-dots\">&hellip;<\/span> <a class=\"more-link\" href=\"https:\/\/nonaessencya.com.br\/vitrine\/?product=catalogo-digital\"><span class=\"more-msg\">Continuar lendo &rarr;<\/span><\/a><\/p>\n","protected":false},"featured_media":577,"comment_status":"closed","ping_status":"closed","template":"","meta":[],"product_cat":[122,255],"product_tag":[],"class_list":{"0":"post-549","1":"product","2":"type-product","3":"status-publish","4":"has-post-thumbnail","6":"product_cat-ofertas","7":"product_cat-livraria","9":"first","10":"instock","11":"downloadable","12":"virtual","13":"purchasable","14":"product-type-simple"},"_links":{"self":[{"href":"https:\/\/nonaessencya.com.br\/vitrine\/index.php?rest_route=\/wp\/v2\/product\/549","targetHints":{"allow":["GET"]}}],"collection":[{"href":"https:\/\/nonaessencya.com.br\/vitrine\/index.php?rest_route=\/wp\/v2\/product"}],"about":[{"href":"https:\/\/nonaessencya.com.br\/vitrine\/index.php?rest_route=\/wp\/v2\/types\/product"}],"replies":[{"embeddable":true,"href":"https:\/\/nonaessencya.com.br\/vitrine\/index.php?rest_route=%2Fwp%2Fv2%2Fcomments&post=549"}],"wp:featuredmedia":[{"embeddable":true,"href":"https:\/\/nonaessencya.com.br\/vitrine\/index.php?rest_route=\/wp\/v2\/media\/577"}],"wp:attachment":[{"href":"https:\/\/nonaessencya.com.br\/vitrine\/index.php?rest_route=%2Fwp%2Fv2%2Fmedia&parent=549"}],"wp:term":[{"taxonomy":"product_cat","embeddable":true,"href":"https:\/\/nonaessencya.com.br\/vitrine\/index.php?rest_route=%2Fwp%2Fv2%2Fproduct_cat&post=549"},{"taxonomy":"product_tag","embeddable":true,"href":"https:\/\/nonaessencya.com.br\/vitrine\/index.php?rest_route=%2Fwp%2Fv2%2Fproduct_tag&post=549"}],"curies":[{"name":"wp","href":"https:\/\/api.w.org\/{rel}","templated":true}]}}