{"id":520,"date":"2015-09-03T07:04:18","date_gmt":"2015-09-03T10:04:18","guid":{"rendered":"http:\/\/nonaessencya.com\/vitrine\/?product=angustia-copia"},"modified":"2022-05-16T07:46:09","modified_gmt":"2022-05-16T10:46:09","slug":"sono_tranquilo","status":"publish","type":"product","link":"https:\/\/nonaessencya.com.br\/vitrine\/?product=sono_tranquilo","title":{"rendered":"Sono Tranquilo"},"content":{"rendered":"<p>F\u00f3rmula recomendada para proporcionar tranq\u00fcilidade, relaxamento, calma, serenidade, e prote\u00e7\u00e3o, gerando bem estar, um sono reparador e um despertar cheio de energia. Ajuda no realinhamento dos corpos, relaxamento, trazendo calma e silencio para a mente e permitindo que se entre rapdamente em estado de adormecimento.<br \/>\nMuitas pessoas preferem utilizar a formula Estoque deste produto ESTOQUE SONO TRANQUILO. Neste caso as otas s\u00f3 s\u00e3o utilizadas no momento da dificuldade de adormecer.<\/p>\n","protected":false},"excerpt":{"rendered":"<p>F\u00f3rmula recomendada para proporcionar tranq\u00fcilidade, relaxamento, calma, serenidade, e prote\u00e7\u00e3o, gerando bem estar, um sono reparador e um despertar cheio de energia. Ajuda no realinhamento dos corpos, relaxamento, trazendo calma e silencio para a mente e permitindo que se entre <span class=\"excerpt-dots\">&hellip;<\/span> <a class=\"more-link\" href=\"https:\/\/nonaessencya.com.br\/vitrine\/?product=sono_tranquilo\"><span class=\"more-msg\">Continuar lendo &rarr;<\/span><\/a><\/p>\n","protected":false},"featured_media":511,"comment_status":"closed","ping_status":"closed","template":"","meta":[],"product_cat":[125,123,120],"product_tag":[],"class_list":{"0":"post-520","1":"product","2":"type-product","3":"status-publish","4":"has-post-thumbnail","6":"product_cat-auto-cura","7":"product_cat-bem-estar","8":"product_cat-formulas-prontas","10":"first","11":"instock","12":"shipping-taxable","13":"purchasable","14":"product-type-simple"},"_links":{"self":[{"href":"https:\/\/nonaessencya.com.br\/vitrine\/index.php?rest_route=\/wp\/v2\/product\/520","targetHints":{"allow":["GET"]}}],"collection":[{"href":"https:\/\/nonaessencya.com.br\/vitrine\/index.php?rest_route=\/wp\/v2\/product"}],"about":[{"href":"https:\/\/nonaessencya.com.br\/vitrine\/index.php?rest_route=\/wp\/v2\/types\/product"}],"replies":[{"embeddable":true,"href":"https:\/\/nonaessencya.com.br\/vitrine\/index.php?rest_route=%2Fwp%2Fv2%2Fcomments&post=520"}],"wp:featuredmedia":[{"embeddable":true,"href":"https:\/\/nonaessencya.com.br\/vitrine\/index.php?rest_route=\/wp\/v2\/media\/511"}],"wp:attachment":[{"href":"https:\/\/nonaessencya.com.br\/vitrine\/index.php?rest_route=%2Fwp%2Fv2%2Fmedia&parent=520"}],"wp:term":[{"taxonomy":"product_cat","embeddable":true,"href":"https:\/\/nonaessencya.com.br\/vitrine\/index.php?rest_route=%2Fwp%2Fv2%2Fproduct_cat&post=520"},{"taxonomy":"product_tag","embeddable":true,"href":"https:\/\/nonaessencya.com.br\/vitrine\/index.php?rest_route=%2Fwp%2Fv2%2Fproduct_tag&post=520"}],"curies":[{"name":"wp","href":"https:\/\/api.w.org\/{rel}","templated":true}]}}