{"id":519,"date":"2015-09-03T06:10:52","date_gmt":"2015-09-03T09:10:52","guid":{"rendered":"http:\/\/nonaessencya.com\/vitrine\/?product=angustia"},"modified":"2022-05-16T07:46:22","modified_gmt":"2022-05-16T10:46:22","slug":"angustia","status":"publish","type":"product","link":"https:\/\/nonaessencya.com.br\/vitrine\/?product=angustia","title":{"rendered":"Ang\u00fastia"},"content":{"rendered":"<p>ANG\u00daSTIA \u00e9 uma sensa\u00e7\u00e3o de dor profunda no peito, que geralmente n\u00e3o sabemos de onde vem, pois n\u00e3o \u00e9 gerada por problemas f\u00edsicos, mas por causas emocionais.<\/p>\n<p>Esta form\u00fala trata a angustia,\u00a0 tristeza, apatia e falta de vontade de viver.<\/p>\n<p>&nbsp;<\/p>\n","protected":false},"excerpt":{"rendered":"<p>ANG\u00daSTIA \u00e9 uma sensa\u00e7\u00e3o de dor profunda no peito, que geralmente n\u00e3o sabemos de onde vem, pois n\u00e3o \u00e9 gerada por problemas f\u00edsicos, mas por causas emocionais. Esta form\u00fala trata a angustia,\u00a0 tristeza, apatia e falta de vontade de viver. <span class=\"excerpt-dots\">&hellip;<\/span> <a class=\"more-link\" href=\"https:\/\/nonaessencya.com.br\/vitrine\/?product=angustia\"><span class=\"more-msg\">Continuar lendo &rarr;<\/span><\/a><\/p>\n","protected":false},"featured_media":512,"comment_status":"closed","ping_status":"closed","template":"","meta":[],"product_cat":[125,123,120],"product_tag":[],"class_list":{"0":"post-519","1":"product","2":"type-product","3":"status-publish","4":"has-post-thumbnail","6":"product_cat-auto-cura","7":"product_cat-bem-estar","8":"product_cat-formulas-prontas","10":"first","11":"instock","12":"shipping-taxable","13":"purchasable","14":"product-type-simple"},"_links":{"self":[{"href":"https:\/\/nonaessencya.com.br\/vitrine\/index.php?rest_route=\/wp\/v2\/product\/519","targetHints":{"allow":["GET"]}}],"collection":[{"href":"https:\/\/nonaessencya.com.br\/vitrine\/index.php?rest_route=\/wp\/v2\/product"}],"about":[{"href":"https:\/\/nonaessencya.com.br\/vitrine\/index.php?rest_route=\/wp\/v2\/types\/product"}],"replies":[{"embeddable":true,"href":"https:\/\/nonaessencya.com.br\/vitrine\/index.php?rest_route=%2Fwp%2Fv2%2Fcomments&post=519"}],"wp:featuredmedia":[{"embeddable":true,"href":"https:\/\/nonaessencya.com.br\/vitrine\/index.php?rest_route=\/wp\/v2\/media\/512"}],"wp:attachment":[{"href":"https:\/\/nonaessencya.com.br\/vitrine\/index.php?rest_route=%2Fwp%2Fv2%2Fmedia&parent=519"}],"wp:term":[{"taxonomy":"product_cat","embeddable":true,"href":"https:\/\/nonaessencya.com.br\/vitrine\/index.php?rest_route=%2Fwp%2Fv2%2Fproduct_cat&post=519"},{"taxonomy":"product_tag","embeddable":true,"href":"https:\/\/nonaessencya.com.br\/vitrine\/index.php?rest_route=%2Fwp%2Fv2%2Fproduct_tag&post=519"}],"curies":[{"name":"wp","href":"https:\/\/api.w.org\/{rel}","templated":true}]}}