{"id":516,"date":"2015-09-02T12:00:54","date_gmt":"2015-09-02T15:00:54","guid":{"rendered":"http:\/\/nonaessencya.com\/vitrine\/?product=emagrecer-2"},"modified":"2022-05-16T07:46:37","modified_gmt":"2022-05-16T10:46:37","slug":"emagrecer-2","status":"publish","type":"product","link":"https:\/\/nonaessencya.com.br\/vitrine\/?product=emagrecer-2","title":{"rendered":"Emagrecer"},"content":{"rendered":"<p>Esta f\u00f3rmula equilibra nossas emo\u00e7\u00f5es, nos dando capacidade de quebrar antigos h\u00e1bitos alimentares,  desenvolver um novo relacionamento com os alimentos ,  com o corpo, consigo mesmo e com o pr\u00f3ximo. Facilita amar o pr\u00f3prio corpo como express\u00e3o da vida, equil\u00edbrio e beleza e ter consci\u00eancia do espa\u00e7o sagrado de cada um.<\/p>\n","protected":false},"excerpt":{"rendered":"<p>Esta f\u00f3rmula equilibra nossas emo\u00e7\u00f5es, nos dando capacidade de quebrar antigos h\u00e1bitos alimentares, desenvolver um novo relacionamento com os alimentos , com o corpo, consigo mesmo e com o pr\u00f3ximo. Facilita amar o pr\u00f3prio corpo como express\u00e3o da vida, equil\u00edbrio <span class=\"excerpt-dots\">&hellip;<\/span> <a class=\"more-link\" href=\"https:\/\/nonaessencya.com.br\/vitrine\/?product=emagrecer-2\"><span class=\"more-msg\">Continuar lendo &rarr;<\/span><\/a><\/p>\n","protected":false},"featured_media":513,"comment_status":"closed","ping_status":"closed","template":"","meta":[],"product_cat":[125,123,120],"product_tag":[],"class_list":{"0":"post-516","1":"product","2":"type-product","3":"status-publish","4":"has-post-thumbnail","6":"product_cat-auto-cura","7":"product_cat-bem-estar","8":"product_cat-formulas-prontas","10":"first","11":"instock","12":"shipping-taxable","13":"purchasable","14":"product-type-simple"},"_links":{"self":[{"href":"https:\/\/nonaessencya.com.br\/vitrine\/index.php?rest_route=\/wp\/v2\/product\/516","targetHints":{"allow":["GET"]}}],"collection":[{"href":"https:\/\/nonaessencya.com.br\/vitrine\/index.php?rest_route=\/wp\/v2\/product"}],"about":[{"href":"https:\/\/nonaessencya.com.br\/vitrine\/index.php?rest_route=\/wp\/v2\/types\/product"}],"replies":[{"embeddable":true,"href":"https:\/\/nonaessencya.com.br\/vitrine\/index.php?rest_route=%2Fwp%2Fv2%2Fcomments&post=516"}],"wp:featuredmedia":[{"embeddable":true,"href":"https:\/\/nonaessencya.com.br\/vitrine\/index.php?rest_route=\/wp\/v2\/media\/513"}],"wp:attachment":[{"href":"https:\/\/nonaessencya.com.br\/vitrine\/index.php?rest_route=%2Fwp%2Fv2%2Fmedia&parent=516"}],"wp:term":[{"taxonomy":"product_cat","embeddable":true,"href":"https:\/\/nonaessencya.com.br\/vitrine\/index.php?rest_route=%2Fwp%2Fv2%2Fproduct_cat&post=516"},{"taxonomy":"product_tag","embeddable":true,"href":"https:\/\/nonaessencya.com.br\/vitrine\/index.php?rest_route=%2Fwp%2Fv2%2Fproduct_tag&post=516"}],"curies":[{"name":"wp","href":"https:\/\/api.w.org\/{rel}","templated":true}]}}