{"id":514,"date":"2015-09-02T11:50:43","date_gmt":"2015-09-02T14:50:43","guid":{"rendered":"http:\/\/nonaessencya.com\/vitrine\/?product=emergencia"},"modified":"2022-05-16T07:48:28","modified_gmt":"2022-05-16T10:48:28","slug":"emergencia","status":"publish","type":"product","link":"https:\/\/nonaessencya.com.br\/vitrine\/?product=emergencia","title":{"rendered":"Emerg\u00eancia"},"content":{"rendered":"<p>F\u00f3rmula indicada para os primeiros socorros energ\u00e9ticos, em todas as crises, sejam individuais ou coletivas. \u00c8 uma f\u00f3rmula de resgate para emerg\u00eancias, conflitos emocionais mentais e espirituais. Esta f\u00f3rmula promove o equil\u00edbrio emocional, mental e f\u00edsico, nos casos de acidentes, sustos, m\u00e1s not\u00edcias, medo de cirurgias, de dentista e outros. Suporte para os momentos de crise.<\/p>\n<p>Frasco com 30 ml pronto para uso.<\/p>\n","protected":false},"excerpt":{"rendered":"<p>F\u00f3rmula indicada para os primeiros socorros energ\u00e9ticos, em todas as crises, sejam individuais ou coletivas. \u00c8 uma f\u00f3rmula de resgate para emerg\u00eancias, conflitos emocionais mentais e espirituais. Esta f\u00f3rmula promove o equil\u00edbrio emocional, mental e f\u00edsico, nos casos de acidentes, <span class=\"excerpt-dots\">&hellip;<\/span> <a class=\"more-link\" href=\"https:\/\/nonaessencya.com.br\/vitrine\/?product=emergencia\"><span class=\"more-msg\">Continuar lendo &rarr;<\/span><\/a><\/p>\n","protected":false},"featured_media":509,"comment_status":"closed","ping_status":"closed","template":"","meta":[],"product_cat":[125,123,120],"product_tag":[],"class_list":{"0":"post-514","1":"product","2":"type-product","3":"status-publish","4":"has-post-thumbnail","6":"product_cat-auto-cura","7":"product_cat-bem-estar","8":"product_cat-formulas-prontas","10":"first","11":"instock","12":"shipping-taxable","13":"purchasable","14":"product-type-simple"},"_links":{"self":[{"href":"https:\/\/nonaessencya.com.br\/vitrine\/index.php?rest_route=\/wp\/v2\/product\/514","targetHints":{"allow":["GET"]}}],"collection":[{"href":"https:\/\/nonaessencya.com.br\/vitrine\/index.php?rest_route=\/wp\/v2\/product"}],"about":[{"href":"https:\/\/nonaessencya.com.br\/vitrine\/index.php?rest_route=\/wp\/v2\/types\/product"}],"replies":[{"embeddable":true,"href":"https:\/\/nonaessencya.com.br\/vitrine\/index.php?rest_route=%2Fwp%2Fv2%2Fcomments&post=514"}],"wp:featuredmedia":[{"embeddable":true,"href":"https:\/\/nonaessencya.com.br\/vitrine\/index.php?rest_route=\/wp\/v2\/media\/509"}],"wp:attachment":[{"href":"https:\/\/nonaessencya.com.br\/vitrine\/index.php?rest_route=%2Fwp%2Fv2%2Fmedia&parent=514"}],"wp:term":[{"taxonomy":"product_cat","embeddable":true,"href":"https:\/\/nonaessencya.com.br\/vitrine\/index.php?rest_route=%2Fwp%2Fv2%2Fproduct_cat&post=514"},{"taxonomy":"product_tag","embeddable":true,"href":"https:\/\/nonaessencya.com.br\/vitrine\/index.php?rest_route=%2Fwp%2Fv2%2Fproduct_tag&post=514"}],"curies":[{"name":"wp","href":"https:\/\/api.w.org\/{rel}","templated":true}]}}