{"id":469,"date":"2015-09-01T10:56:57","date_gmt":"2015-09-01T13:56:57","guid":{"rendered":"http:\/\/nonaessencya.com\/vitrine\/?post_type=product&#038;p=469"},"modified":"2016-12-20T12:23:54","modified_gmt":"2016-12-20T14:23:54","slug":"livro-cerrado","status":"publish","type":"product","link":"https:\/\/nonaessencya.com.br\/vitrine\/?product=livro-cerrado","title":{"rendered":"Livro Cerrado"},"content":{"rendered":"<p>Livro &#8211; Cerrado &#8211; Florais do Planalto Central para a harmonia do homem da autora Nadir Vilela. Publicado em 2002, com 246 paginas. ISBN 85-902643-1-9<\/p>\n<p>S\u00e3o apresentadas 160 plantas com suas flores, com suas identifica\u00e7\u00f5es botanicas, caracteristicas (assinatura), utiliza\u00e7\u00e3o fitoter\u00e1pica (quando conhecida) e seu emprego na elabora\u00e7\u00e3o das ess\u00eancias eneg\u00e9ticas e vibracionais na Terapia Floral.<\/p>\n<p>A maioria das plantas apresentadas neste livro fazem parte da composi\u00e7\u00e3o das F\u00f3rmulas Compostas. S\u00e3o flores nativas ou espont\u00e2neas encontradas no planalto central do Brasil onde o eco-sistema predominante \u00e9 o CERRADO.<\/p>\n<p>A principal finalidade desta pesquisa \u00e9 oferecer aos estudiosos das ess\u00eancias florais, uma publica\u00e7\u00e3o especifica sobre a flora do Cerrado, abordada sob as luzes da terapia floral.<\/p>\n<p>Esperamos que ao ler este livro, cada um possa encontrar seu Curador Interno, despertar seu potencial de amar a vida e a flora, e aprender a se equilibrar, a exemplo das flores, e assim expandir seu dom em benef\u00edcio de toda a humanidade.<\/p>\n","protected":false},"excerpt":{"rendered":"<p>Livro &#8211; Cerrado &#8211; Florais do Planalto Central para a harmonia do homem da autora Nadir Vilela. Publicado em 2002, com 246 paginas. ISBN 85-902643-1-9 S\u00e3o apresentadas 160 plantas com suas flores, com suas identifica\u00e7\u00f5es botanicas, caracteristicas (assinatura), utiliza\u00e7\u00e3o fitoter\u00e1pica <span class=\"excerpt-dots\">&hellip;<\/span> <a class=\"more-link\" href=\"https:\/\/nonaessencya.com.br\/vitrine\/?product=livro-cerrado\"><span class=\"more-msg\">Continuar lendo &rarr;<\/span><\/a><\/p>\n","protected":false},"featured_media":593,"comment_status":"closed","ping_status":"closed","template":"","meta":[],"product_cat":[122,255],"product_tag":[],"class_list":{"0":"post-469","1":"product","2":"type-product","3":"status-publish","4":"has-post-thumbnail","6":"product_cat-ofertas","7":"product_cat-livraria","9":"first","10":"instock","11":"shipping-taxable","12":"purchasable","13":"product-type-simple"},"_links":{"self":[{"href":"https:\/\/nonaessencya.com.br\/vitrine\/index.php?rest_route=\/wp\/v2\/product\/469","targetHints":{"allow":["GET"]}}],"collection":[{"href":"https:\/\/nonaessencya.com.br\/vitrine\/index.php?rest_route=\/wp\/v2\/product"}],"about":[{"href":"https:\/\/nonaessencya.com.br\/vitrine\/index.php?rest_route=\/wp\/v2\/types\/product"}],"replies":[{"embeddable":true,"href":"https:\/\/nonaessencya.com.br\/vitrine\/index.php?rest_route=%2Fwp%2Fv2%2Fcomments&post=469"}],"wp:featuredmedia":[{"embeddable":true,"href":"https:\/\/nonaessencya.com.br\/vitrine\/index.php?rest_route=\/wp\/v2\/media\/593"}],"wp:attachment":[{"href":"https:\/\/nonaessencya.com.br\/vitrine\/index.php?rest_route=%2Fwp%2Fv2%2Fmedia&parent=469"}],"wp:term":[{"taxonomy":"product_cat","embeddable":true,"href":"https:\/\/nonaessencya.com.br\/vitrine\/index.php?rest_route=%2Fwp%2Fv2%2Fproduct_cat&post=469"},{"taxonomy":"product_tag","embeddable":true,"href":"https:\/\/nonaessencya.com.br\/vitrine\/index.php?rest_route=%2Fwp%2Fv2%2Fproduct_tag&post=469"}],"curies":[{"name":"wp","href":"https:\/\/api.w.org\/{rel}","templated":true}]}}