{"id":463,"date":"2015-09-01T10:25:07","date_gmt":"2015-09-01T13:25:07","guid":{"rendered":"http:\/\/nonaessencya.com\/vitrine\/?post_type=product&#038;p=463"},"modified":"2022-05-16T07:43:47","modified_gmt":"2022-05-16T10:43:47","slug":"kit-especial","status":"publish","type":"product","link":"https:\/\/nonaessencya.com.br\/vitrine\/?product=kit-especial","title":{"rendered":"Kit Especial"},"content":{"rendered":"<p>Este Kit foi elaborado em parceria com a Dra Olga O. Passos, do Rio de Janeiro, com suas pesquisas para tratar pessoas hiperativas, autistas e com sindrome de Down.<br \/>\nEstas ess\u00eancias tamb\u00e9m s\u00e3o indicadas para pessoas com dificuldades de aprendizado ou portadoras de defici\u00eancias emocionais, mentais ou f\u00edsicas. Sugerimos que os pais, terapeutas, companhantes e professores que est\u00e3o sempre em contato estes pessoas, ajudando-os em seu dia a dia, tamb\u00e9m fa\u00e7am uso dessas ess\u00eancias. <\/p>\n<p>1 &#8211; Aprendendo &#8211;<br \/>\n2 &#8211; Boas Vindas ao Planeta<br \/>\n3 &#8211; Crescendo Junto<br \/>\n4 &#8211; Desobstru\u00e7\u00e3o<br \/>\n5 &#8211; Digerindo Emo\u00e7\u00f5es<br \/>\n6 &#8211; Grupo Cristal<br \/>\n7 &#8211; Grupo Especial<br \/>\n8 &#8211; Grupo Madeira<br \/>\n9 &#8211; Grupo Merc\u00fario<br \/>\n10 &#8211; Grupo Ouro<br \/>\n11 &#8211; Grupo Pedra<br \/>\n12 &#8211; Grupo P\u00e9rola<br \/>\n13 &#8211; Prote\u00e7\u00e3o<br \/>\n14 &#8211; Serenidade<br \/>\n15 &#8211; Transmutando M\u00e1goas e Culpas<\/p>\n","protected":false},"excerpt":{"rendered":"<p>Este Kit foi elaborado em parceria com a Dra Olga O. Passos, do Rio de Janeiro, com suas pesquisas para tratar pessoas hiperativas, autistas e com sindrome de Down. Estas ess\u00eancias tamb\u00e9m s\u00e3o indicadas para pessoas com dificuldades de aprendizado <span class=\"excerpt-dots\">&hellip;<\/span> <a class=\"more-link\" href=\"https:\/\/nonaessencya.com.br\/vitrine\/?product=kit-especial\"><span class=\"more-msg\">Continuar lendo &rarr;<\/span><\/a><\/p>\n","protected":false},"featured_media":397,"comment_status":"closed","ping_status":"closed","template":"","meta":[],"product_cat":[257],"product_tag":[251,252,250,253],"class_list":{"0":"post-463","1":"product","2":"type-product","3":"status-publish","4":"has-post-thumbnail","6":"product_cat-estoque","7":"product_tag-autismo","8":"product_tag-hiperativos","9":"product_tag-sindrome-de-down","10":"product_tag-super-dotados-intelectual","12":"first","13":"instock","14":"sale","15":"purchasable","16":"product-type-simple"},"_links":{"self":[{"href":"https:\/\/nonaessencya.com.br\/vitrine\/index.php?rest_route=\/wp\/v2\/product\/463","targetHints":{"allow":["GET"]}}],"collection":[{"href":"https:\/\/nonaessencya.com.br\/vitrine\/index.php?rest_route=\/wp\/v2\/product"}],"about":[{"href":"https:\/\/nonaessencya.com.br\/vitrine\/index.php?rest_route=\/wp\/v2\/types\/product"}],"replies":[{"embeddable":true,"href":"https:\/\/nonaessencya.com.br\/vitrine\/index.php?rest_route=%2Fwp%2Fv2%2Fcomments&post=463"}],"wp:featuredmedia":[{"embeddable":true,"href":"https:\/\/nonaessencya.com.br\/vitrine\/index.php?rest_route=\/wp\/v2\/media\/397"}],"wp:attachment":[{"href":"https:\/\/nonaessencya.com.br\/vitrine\/index.php?rest_route=%2Fwp%2Fv2%2Fmedia&parent=463"}],"wp:term":[{"taxonomy":"product_cat","embeddable":true,"href":"https:\/\/nonaessencya.com.br\/vitrine\/index.php?rest_route=%2Fwp%2Fv2%2Fproduct_cat&post=463"},{"taxonomy":"product_tag","embeddable":true,"href":"https:\/\/nonaessencya.com.br\/vitrine\/index.php?rest_route=%2Fwp%2Fv2%2Fproduct_tag&post=463"}],"curies":[{"name":"wp","href":"https:\/\/api.w.org\/{rel}","templated":true}]}}