{"id":408,"date":"2015-08-31T07:57:07","date_gmt":"2015-08-31T10:57:07","guid":{"rendered":"http:\/\/nonaessencya.com\/vitrine\/?product=100-formulas-compostas"},"modified":"2022-05-16T07:40:48","modified_gmt":"2022-05-16T10:40:48","slug":"100-formulas-compostas","status":"publish","type":"product","link":"https:\/\/nonaessencya.com.br\/vitrine\/?product=100-formulas-compostas","title":{"rendered":"100 F\u00f3rmulas Compostas"},"content":{"rendered":"<p>Este Kit \u00e9 especial para terapeutas ou associa\u00e7\u00f5es que lidam um um grupo grande de usuarios. As F\u00f3rmulas s\u00e3o faceis de usar e qualquer pessoa mesmo que n\u00e3o possua conhecimentos t\u00e9cnicos sobre a terapia floral, pode utilizar e preparar para outras pessoas uma formula composta. A aplica\u00e7\u00e3o das essencias \u00e9 de f\u00e1cil identifica\u00e7\u00e3o. O nome de cada f\u00f3rmula indica para o que ela \u00e9 indicada.<br \/>\nAs  F\u00f3rmulas Compostas s\u00e3o elaboradas com ess\u00eancias florais e elixires de pedras e cristais. Estas essencias quando utilizadas regularmente reequilibram todos os nossos corpos.<br \/>\nA maioria das F\u00f3rmulas Compostas est\u00e3o sendo testadas desde 1993 e tem oferecido excelentes resultados.<\/p>\n","protected":false},"excerpt":{"rendered":"<p>Este Kit \u00e9 especial para terapeutas ou associa\u00e7\u00f5es que lidam um um grupo grande de usuarios. As F\u00f3rmulas s\u00e3o faceis de usar e qualquer pessoa mesmo que n\u00e3o possua conhecimentos t\u00e9cnicos sobre a terapia floral, pode utilizar e preparar para <span class=\"excerpt-dots\">&hellip;<\/span> <a class=\"more-link\" href=\"https:\/\/nonaessencya.com.br\/vitrine\/?product=100-formulas-compostas\"><span class=\"more-msg\">Continuar lendo &rarr;<\/span><\/a><\/p>\n","protected":false},"featured_media":411,"comment_status":"closed","ping_status":"closed","template":"","meta":[],"product_cat":[122,257,144],"product_tag":[],"class_list":{"0":"post-408","1":"product","2":"type-product","3":"status-publish","4":"has-post-thumbnail","6":"product_cat-ofertas","7":"product_cat-estoque","8":"product_cat-compostas","10":"first","11":"instock","12":"sale","13":"purchasable","14":"product-type-simple"},"_links":{"self":[{"href":"https:\/\/nonaessencya.com.br\/vitrine\/index.php?rest_route=\/wp\/v2\/product\/408","targetHints":{"allow":["GET"]}}],"collection":[{"href":"https:\/\/nonaessencya.com.br\/vitrine\/index.php?rest_route=\/wp\/v2\/product"}],"about":[{"href":"https:\/\/nonaessencya.com.br\/vitrine\/index.php?rest_route=\/wp\/v2\/types\/product"}],"replies":[{"embeddable":true,"href":"https:\/\/nonaessencya.com.br\/vitrine\/index.php?rest_route=%2Fwp%2Fv2%2Fcomments&post=408"}],"wp:featuredmedia":[{"embeddable":true,"href":"https:\/\/nonaessencya.com.br\/vitrine\/index.php?rest_route=\/wp\/v2\/media\/411"}],"wp:attachment":[{"href":"https:\/\/nonaessencya.com.br\/vitrine\/index.php?rest_route=%2Fwp%2Fv2%2Fmedia&parent=408"}],"wp:term":[{"taxonomy":"product_cat","embeddable":true,"href":"https:\/\/nonaessencya.com.br\/vitrine\/index.php?rest_route=%2Fwp%2Fv2%2Fproduct_cat&post=408"},{"taxonomy":"product_tag","embeddable":true,"href":"https:\/\/nonaessencya.com.br\/vitrine\/index.php?rest_route=%2Fwp%2Fv2%2Fproduct_tag&post=408"}],"curies":[{"name":"wp","href":"https:\/\/api.w.org\/{rel}","templated":true}]}}