{"id":403,"date":"2015-08-28T19:25:50","date_gmt":"2015-08-28T22:25:50","guid":{"rendered":"http:\/\/nonaessencya.com\/vitrine\/?post_type=product&#038;p=403"},"modified":"2022-05-16T08:02:25","modified_gmt":"2022-05-16T11:02:25","slug":"kit-chakras","status":"publish","type":"product","link":"https:\/\/nonaessencya.com.br\/vitrine\/?product=kit-chakras","title":{"rendered":"Kit Chakras"},"content":{"rendered":"<p>Kit com 9 ess\u00eancias. Os chakras s\u00e3o espirais de energia existentes no corpo humano. Os principais, em n\u00famero de sete, est\u00e3o localizados ao longo da coluna vertebral. Assim como existe um eixo de equil\u00edbrio planet\u00e1rio entre os p\u00f3los norte e sul, o ser humano possui um eixo de equil\u00edbrio entre o chakra coron\u00e1rio, no alto da cabe\u00e7a e o chakra b\u00e1sico, no c\u00f3ccix. Se houver bloqueios energ\u00e9ticos em algum chakra, isto se refletir\u00e1 no nosso equil\u00edbrio, sa\u00fade f\u00edsica, emocional e mental.<br \/>\n Para desenvolver o &#8220;Kit dos Chakras&#8221; com as f\u00f3rmulas compostas, usamos como fundamento \u00e0 observa\u00e7\u00e3o das cores das flores e das pedras relacionando cada ess\u00eancia floral e elixires de pedras e cristais a um determinado Chakra. Alem deste crit\u00e9rio fizemos uso da radiestesia (p\u00eandulo), para a sele\u00e7\u00e3o.<\/p>\n<p>1\u00ba Chakra \u2013 Base ou Raiz \u2013 Muladhara &#8211; Localizado na base da coluna, estimula o sistema nervoso, os cinco sentidos, e a coluna vertebral. \u00c9 a ancora do esp\u00edrito e respons\u00e1vel pela nossa liga\u00e7\u00e3o com a terra e a mat\u00e9ria. Esta f\u00f3rmula proporciona aterramento do ser ao planeta; traz coragem e confian\u00e7a no pr\u00f3prio poder pessoal, equil\u00edbrio, habilidade social e emocional e facilita o desbloqueio da energia da abund\u00e2ncia C\u00f3smica. Sua vibra\u00e7\u00e3o predominante \u00e9 a cor vermelha.<\/p>\n<p>2\u00ba Chakra \u2013 Sacro ou umbilical \u2013 Svadhishthana \u2013 Abaixo do umbigo, relaciona-se com as g\u00f4nadas e alimenta o sistema reprodutor. Esta f\u00f3rmula traz vitalidade, magnetismo pessoal, criatividade, alegria, esperan\u00e7a e ajuda na cura do estresse, da depress\u00e3o, da tristeza e do ressentimento. Sua vibra\u00e7\u00e3o predominante \u00e9 a cor laranja.<\/p>\n<p>3\u00ba Chakra \u2013 Plexo Solar \u2013 Manipura \u2013 Acima do umbigo, relaciona-se com o p\u00e2ncreas, alimentando o est\u00f4mago, o f\u00edgado, a ves\u00edcula, o ba\u00e7o e o sistema nervoso. Esta f\u00f3rmula traz serenidade, ajudando a curar sentimentos de raiva, inveja, viol\u00eancia, medos, possessividade e ego\u00edsmo. Ajuda a tomada de consci\u00eancia de si mesmo e do pr\u00f3prio poder pessoal. Sua vibra\u00e7\u00e3o predominante \u00e9 a cor amarela.<\/p>\n<p>4\u00ba Chakra \u2013 Card\u00edaco \u2013 Anahata \u2013 Localizado na regi\u00e3o tor\u00e1xica \u2013 \u00e1rea do cora\u00e7\u00e3o, relaciona-se com o timo, e alimenta o cora\u00e7\u00e3o, o sangue e o sistema circulat\u00f3rio. Esta f\u00f3rmula fortalece a nossa vontade, ajudando a ter facilidade de decis\u00e3o, a n\u00e3o ser influenciado pela opini\u00e3o do outro. Aumenta a nossa auto-estima e poder pessoal. Melhora os relacionamentos, traz amor incondicional e ajuda na cura da depress\u00e3o e da solid\u00e3o. Sua vibra\u00e7\u00e3o predominante \u00e9 a cor verde ou rosa.<\/p>\n<p>5\u00ba Chakra \u2013 Lar\u00edngeo &#8211; Visudha \u2013 Localizado na regi\u00e3o da garganta, relaciona-se com a tire\u00f3ide, alimenta o aparelho br\u00f4nquico e vocal, os pulm\u00f5es e o canal alimentar. \u00c8 o Chakra da comunica\u00e7\u00e3o Divina e Terrena. Esta f\u00f3rmula ajuda a nossa comunica\u00e7\u00e3o e clareza na fala. Dissolve a confus\u00e3o entre a realidade interior e exterior, traz disciplina e ajuda a express\u00e3o dos sentimentos harmoniosamente. Esta f\u00f3rmula, juntamente com a do chakra b\u00e1sico \u00e9 usada para o desbloqueio e o fluir da prosperidade. Sua vibra\u00e7\u00e3o predominante \u00e9 a cor azul.<\/p>\n<p>6\u00ba Chakra \u2013 Frontal \u2013 Ajna &#8211; (3\u00ba olho) \u2013 Localizado entre as sobrancelhas, relaciona-se com a gl\u00e2ndula pituit\u00e1ria, o c\u00e9rebro inferior, o olho esquerdo, os ouvidos, o nariz e o sistema nervoso. \u00c9 a sede do psiquismo e do mental, onde funciona a vis\u00e3o espiritual e a clarivid\u00eancia. Esta f\u00f3rmula aumenta o poder de concentra\u00e7\u00e3o e mem\u00f3ria, Traz equil\u00edbrio para os hemisf\u00e9rios cerebrais, melhora a intui\u00e7\u00e3o, a clareza mental e possibilita o sono tranq\u00fcilo e reparador. Sua vibra\u00e7\u00e3o predominante \u00e9 a cor \u00edndigo (anil).<\/p>\n<p>7\u00ba Chakra \u2013 Coron\u00e1rio \u2013 Sahasrara \u2013 Localiza-se no alto da cabe\u00e7a, \u00e9 o centro da evolu\u00e7\u00e3o final, da transmuta\u00e7\u00e3o, do Eu Verdadeiro. Controla os estados de inspira\u00e7\u00e3o criativa e de medita\u00e7\u00e3o, desbloqueia o contato com o Eu Superior, fazendo-nos perceber que somos \u201cUm com o Todo\u201d. Amplia a capacidade de autocura e potencializa o escudo de prote\u00e7\u00e3o.  Sua vibra\u00e7\u00e3o predominante \u00e9 de cor  violeta ou branca.<\/p>\n<p>Integra\u00e7\u00e3o \u2013 F\u00f3rmula usada para integra\u00e7\u00e3o dos chakras, trazendo harmonia e equil\u00edbrio para todos os corpos. Deve ser usada ap\u00f3s fazer o equil\u00edbrio dos chakras para que haja uma resposta mais r\u00e1pida na terapia. Esta f\u00f3rmula ajuda na integra\u00e7\u00e3o: alma, corpo, mente e emo\u00e7\u00f5es e potencializa as outras ess\u00eancias.<\/p>\n<p>Mantendo o Sagrado \u2013 Geralmente as pessoas se desequilibram com muita facilidade, e esta f\u00f3rmula vem trazer um refor\u00e7o energ\u00e9tico, a fim de proporcionar mais resist\u00eancia aos impactos emocionais, eliminando a hipersensibilidade e a vulnerabilidade ps\u00edquica.<\/p>\n","protected":false},"excerpt":{"rendered":"<p>Kit com 9 ess\u00eancias. Os chakras s\u00e3o espirais de energia existentes no corpo humano. Os principais, em n\u00famero de sete, est\u00e3o localizados ao longo da coluna vertebral. Assim como existe um eixo de equil\u00edbrio planet\u00e1rio entre os p\u00f3los norte e <span class=\"excerpt-dots\">&hellip;<\/span> <a class=\"more-link\" href=\"https:\/\/nonaessencya.com.br\/vitrine\/?product=kit-chakras\"><span class=\"more-msg\">Continuar lendo &rarr;<\/span><\/a><\/p>\n","protected":false},"featured_media":398,"comment_status":"closed","ping_status":"closed","template":"","meta":[],"product_cat":[257],"product_tag":[143,141,142],"class_list":{"0":"post-403","1":"product","2":"type-product","3":"status-publish","4":"has-post-thumbnail","6":"product_cat-estoque","7":"product_tag-formulas-compostas","8":"product_tag-integracao","9":"product_tag-mantendo-o-sagrado","11":"first","12":"instock","13":"sale","14":"shipping-taxable","15":"purchasable","16":"product-type-simple"},"_links":{"self":[{"href":"https:\/\/nonaessencya.com.br\/vitrine\/index.php?rest_route=\/wp\/v2\/product\/403","targetHints":{"allow":["GET"]}}],"collection":[{"href":"https:\/\/nonaessencya.com.br\/vitrine\/index.php?rest_route=\/wp\/v2\/product"}],"about":[{"href":"https:\/\/nonaessencya.com.br\/vitrine\/index.php?rest_route=\/wp\/v2\/types\/product"}],"replies":[{"embeddable":true,"href":"https:\/\/nonaessencya.com.br\/vitrine\/index.php?rest_route=%2Fwp%2Fv2%2Fcomments&post=403"}],"wp:featuredmedia":[{"embeddable":true,"href":"https:\/\/nonaessencya.com.br\/vitrine\/index.php?rest_route=\/wp\/v2\/media\/398"}],"wp:attachment":[{"href":"https:\/\/nonaessencya.com.br\/vitrine\/index.php?rest_route=%2Fwp%2Fv2%2Fmedia&parent=403"}],"wp:term":[{"taxonomy":"product_cat","embeddable":true,"href":"https:\/\/nonaessencya.com.br\/vitrine\/index.php?rest_route=%2Fwp%2Fv2%2Fproduct_cat&post=403"},{"taxonomy":"product_tag","embeddable":true,"href":"https:\/\/nonaessencya.com.br\/vitrine\/index.php?rest_route=%2Fwp%2Fv2%2Fproduct_tag&post=403"}],"curies":[{"name":"wp","href":"https:\/\/api.w.org\/{rel}","templated":true}]}}