{"id":277,"date":"2015-08-26T16:56:23","date_gmt":"2015-08-26T19:56:23","guid":{"rendered":"http:\/\/nonaessencya.com\/vitrine\/?post_type=product&#038;p=277"},"modified":"2022-05-16T07:42:29","modified_gmt":"2022-05-16T10:42:29","slug":"kit-cerrado","status":"publish","type":"product","link":"https:\/\/nonaessencya.com.br\/vitrine\/?product=kit-cerrado","title":{"rendered":"Kit Cerrado"},"content":{"rendered":"<p>Kit com 39 essencias de flores da regi\u00e3o do Cerrado do planalto central do Brasil. Consideramos todas as flores nativas e espont\u00e2neas da regi\u00e3o, incluindo n\u00e3o somente \u00e1rvores e arbustos do cerrado mas tamb\u00e9m as herb\u00e1ceas que nascem nas terras cansadas, usadas  para lavouras ou pastagens, e terrenos urbanos desocupados.<br \/>\nEss\u00eancias e temas tratados:<\/p>\n<p>1 . ALFAVACA &#8211; (Ocimum basilicum) = Discernimento, compreens\u00e3o.<br \/>\n2 . ANGIQUINHO &#8211; ( Acacia plumosa ) = Do\u00e7ura, auto-estima, consci\u00eancia de grupo.<br \/>\n3 . \u00c0RVORE DO PINCEL (Piptocarpha rotundifolia) = Muitas id\u00e9ias, pouca a\u00e7\u00e3o, procrastina\u00e7\u00e3o.<br \/>\n4 . AZEDINHA-DO-CAMPO (Oxalis campestris) = Amargura, tristeza.<br \/>\n5 . BARBATIM\u00c3O  (Ac\u00e1cia virginalis) = Limpeza, autocura.<br \/>\n6 . BUQU\u00ca DE NOIVA (Deianira chiquitana) = Flexibilidades, mudan\u00e7as.<br \/>\n7 . CALIANDRA-DO-CERRADO ( Caliandra tweed ) = Energia vital, rejuvenescimento.<br \/>\n8 . CAPIM-FLEXINHA  ( Echinolaena inflexa ) = Direcionamento, meta.<br \/>\n9 . CHAPADA  (Sweetia dasycarpa) = Renova\u00e7\u00e3o, vontade de viver.<br \/>\n10 . CHUVA-DE-OURO-DO-CERRADO  (Banisteria argyrophylla) = Prosperidade, auto-confian\u00e7a, coragem.<br \/>\n11 . CIP\u00d3-DOURADO (Davila rugosa) = Organiza\u00e7\u00e3o e ritmo, quando se sentem cansados pelas solicita\u00e7\u00f5es da vida.<br \/>\n12 . COQUEIRINHO (Marica paludosa) = Melancolia, medo do desconhecido.<br \/>\n13 . CORA\u00c7\u00c3O-MAGOADO (Eremanthus sphaerocephalus) = Depress\u00e3o, perdas, ang\u00fastia.<br \/>\n14 . COUVE-CRAVINHO (Porophillum ruderale) = inseguran\u00e7a, desanima facilmente, medo de coisas conhecidas;<br \/>\n15 . CRAVINHO-DO-CERRADO (Vernonia grandiflora) = Saudosismo, viver no passado.<br \/>\n16 . CRISTA-DE-PAV\u00c3O (Starchytarpheta bi-color) = Indecis\u00e3o, inseguran\u00e7a; equil\u00edbrio dos hemisf\u00e9rios cerebrais.<br \/>\n17 . DOURAD\u00c3O (Palicoureia aurata) = Dificuldade para assumir mudan\u00e7as, estresse, cansa\u00e7o.<br \/>\n18 . FEDEGOSO (Cassia hirsuta) = Sentimentos auto-destrutivos; purifica\u00e7\u00e3o dos pensamentos.<br \/>\n19 . FRAMBOESA  (Rubus rosaefolius) = Vontade fraca, pessoa influenci\u00e1vel, ansiosa por servir.<br \/>\n20 . GUATAMB\u00da  (Aspidosperma parvifolium) = ansiedade; emo\u00e7\u00f5es retidas; ajuda a soltar, desapegar, medo de tirar a m\u00e1scara.<br \/>\n21 . LARANJEIRINHA-DO-CERRADO (Stirax camporum) = Mudan\u00e7as cont\u00ednuas de humor; repetir etapas;<br \/>\n22 . LIXA (Curatela americana) = Intoler\u00e2ncia, criticar, julgar; dificuldades nos relacionamentos.<br \/>\n23 . MAL\u00cdCIA   (Mimosa pudica) = Raiva, irrita\u00e7\u00e3o, inveja, ci\u00fame, dissimula\u00e7\u00e3o.<br \/>\n24 . MARAVILHA-ROSA (Mirabilis jalapa) = Ativa o brilho, aumenta o poder pessoal, auto-estima e auto-confian\u00e7a.<br \/>\n25 . MARGARID\u00c3O- AMARELO  (Tithonia diversifolia) = Mem\u00f3ria, concentra\u00e7\u00e3o, presen\u00e7a, aprendizado.<br \/>\n26 . ORA-PR\u00d3-NOBIS (Talinum patens) = Aumenta a f\u00e9; ajuda a renascer para a vida.<br \/>\n27 . PAU-DE-ROSAS (Physocalymma scaberrimum = Dissipa a rigidez; aumenta o prazer de viver.<br \/>\n28 . PEGA-PINTO (Alternanthera ficoidea) = Ego\u00edsmo, car\u00eancia afetiva, inseguran\u00e7a, medo da solid\u00e3o.<br \/>\n29 . PI\u00c3O-ROXO (Jatropha gossypiifolia) = Prote\u00e7\u00e3o contra obsessores, vampirizadores; limpeza de energias negativas.<br \/>\n30 . QUARESMEIRA-DO-CERRADO (Tibouchina granulosa) = Transmuta sentimentos de culpa; ajuda nos momentos de transi\u00e7\u00e3o.<br \/>\n31 . RABO-DE-PEIXE (Chanaecrista desvankii) = Preocupa\u00e7\u00e3o obsessiva com os entes queridos, mania de controlar, chantagem.<br \/>\n32 . SANGUE-DE-CRISTO (Sabicea cana) = Sentir-se v\u00edtima, sacrificado, injusti\u00e7ado, ressentido, explorado.<br \/>\n33 . SERRALHA-BRAVA (Sonchus oleraceus) = Pessoas amargas, deprimidas, desanimadas, falta de vontade de lutar pela melhora.<br \/>\n34 . SERRALHINHA (Em\u00edlia sonchifolia) = Impaci\u00eancia, agita\u00e7\u00e3o, pressa, sentir-se incompreendida.<br \/>\n35 . SUMAR\u00c9  (Cyrtopodium punctatum) = Trata a irrita\u00e7\u00e3o, baixa auto-estima, pensamentos auto-destrutivos,  medo de contato.<br \/>\n36 . TIMB\u00d3-DO-CERRADO (Serjania  erecta) = Falta de a\u00e7\u00e3o nas emergencias; preocupa\u00e7\u00e3o excessiva com as pessoas queridas.<br \/>\n37 . TORA (Cassia tora) = Pessoa preconceituosa, cr\u00edtica, r\u00edgida; ajuda a liberar tens\u00e3o emocional retida no plexo solar.<br \/>\n38 . VIGNA (Vigna vexilata) = P\u00e2nico, medos profundos, terror, ocasi\u00e3o de acidentes e de doen\u00e7as graves.<br \/>\n39. F\u00f3rmula composta EMERG\u00caNCIA &#8211; Para todos os momentos de crize, pequenos e grandes.<\/p>\n","protected":false},"excerpt":{"rendered":"<p>Kit com 39 essencias de flores da regi\u00e3o do Cerrado do planalto central do Brasil. Consideramos todas as flores nativas e espont\u00e2neas da regi\u00e3o, incluindo n\u00e3o somente \u00e1rvores e arbustos do cerrado mas tamb\u00e9m as herb\u00e1ceas que nascem nas terras <span class=\"excerpt-dots\">&hellip;<\/span> <a class=\"more-link\" href=\"https:\/\/nonaessencya.com.br\/vitrine\/?product=kit-cerrado\"><span class=\"more-msg\">Continuar lendo &rarr;<\/span><\/a><\/p>\n","protected":false},"featured_media":443,"comment_status":"closed","ping_status":"closed","template":"","meta":[],"product_cat":[262,122],"product_tag":[133],"class_list":{"0":"post-277","1":"product","2":"type-product","3":"status-publish","4":"has-post-thumbnail","6":"product_cat-produtos-kit-cerrado","7":"product_cat-ofertas","8":"product_tag-kit-cerrado","10":"first","11":"instock","12":"sale","13":"featured","14":"shipping-taxable","15":"purchasable","16":"product-type-simple"},"_links":{"self":[{"href":"https:\/\/nonaessencya.com.br\/vitrine\/index.php?rest_route=\/wp\/v2\/product\/277","targetHints":{"allow":["GET"]}}],"collection":[{"href":"https:\/\/nonaessencya.com.br\/vitrine\/index.php?rest_route=\/wp\/v2\/product"}],"about":[{"href":"https:\/\/nonaessencya.com.br\/vitrine\/index.php?rest_route=\/wp\/v2\/types\/product"}],"replies":[{"embeddable":true,"href":"https:\/\/nonaessencya.com.br\/vitrine\/index.php?rest_route=%2Fwp%2Fv2%2Fcomments&post=277"}],"wp:featuredmedia":[{"embeddable":true,"href":"https:\/\/nonaessencya.com.br\/vitrine\/index.php?rest_route=\/wp\/v2\/media\/443"}],"wp:attachment":[{"href":"https:\/\/nonaessencya.com.br\/vitrine\/index.php?rest_route=%2Fwp%2Fv2%2Fmedia&parent=277"}],"wp:term":[{"taxonomy":"product_cat","embeddable":true,"href":"https:\/\/nonaessencya.com.br\/vitrine\/index.php?rest_route=%2Fwp%2Fv2%2Fproduct_cat&post=277"},{"taxonomy":"product_tag","embeddable":true,"href":"https:\/\/nonaessencya.com.br\/vitrine\/index.php?rest_route=%2Fwp%2Fv2%2Fproduct_tag&post=277"}],"curies":[{"name":"wp","href":"https:\/\/api.w.org\/{rel}","templated":true}]}}