{"id":228,"date":"2015-08-22T15:09:03","date_gmt":"2015-08-22T18:09:03","guid":{"rendered":"http:\/\/nonaessencya.com\/vitrine\/?post_type=product&#038;p=228"},"modified":"2022-05-16T07:48:28","modified_gmt":"2022-05-16T10:48:28","slug":"prazer","status":"publish","type":"product","link":"https:\/\/nonaessencya.com.br\/vitrine\/?product=prazer","title":{"rendered":"Prazer"},"content":{"rendered":"<p>Formula indicada para quem se sente sobrecarregado e sem tempo para ser feliz, para viver as coisas boas da vida.<br \/>\nEsta essencia propicia uma maior sintonia com a vida e o &#8220;tempo&#8221;, nos dando uma sensa\u00e7\u00e3o de seguran\u00e7a e de estarmos no ritimo certo, mesmo vivendo os pequenos prazeres que a vida nos propicia.<\/p>\n<p>Esta f\u00f3rmula traz tranquilidade, harmonia e alegria. Ajuda a relaxar para perceber o ambiente a nossa volta, sentir prazer das pequenas coisas cotidianas, apreciar a vida e aceitar a alegria de viver. <\/p>\n<p>Frasco com 30 ml pronto para uso.<\/p>\n","protected":false},"excerpt":{"rendered":"<p>Formula indicada para quem se sente sobrecarregado e sem tempo para ser feliz, para viver as coisas boas da vida. Esta essencia propicia uma maior sintonia com a vida e o &#8220;tempo&#8221;, nos dando uma sensa\u00e7\u00e3o de seguran\u00e7a e de <span class=\"excerpt-dots\">&hellip;<\/span> <a class=\"more-link\" href=\"https:\/\/nonaessencya.com.br\/vitrine\/?product=prazer\"><span class=\"more-msg\">Continuar lendo &rarr;<\/span><\/a><\/p>\n","protected":false},"featured_media":276,"comment_status":"closed","ping_status":"closed","template":"","meta":[],"product_cat":[125,123,120],"product_tag":[14,13,181,182,7,143,10],"class_list":{"0":"post-228","1":"product","2":"type-product","3":"status-publish","4":"has-post-thumbnail","6":"product_cat-auto-cura","7":"product_cat-bem-estar","8":"product_cat-formulas-prontas","9":"product_tag-cursinho","10":"product_tag-escola","11":"product_tag-estresse-fisico","12":"product_tag-estresse-mental","13":"product_tag-exames-finais","14":"product_tag-formulas-compostas","15":"product_tag-stres","17":"first","18":"instock","19":"shipping-taxable","20":"purchasable","21":"product-type-simple"},"_links":{"self":[{"href":"https:\/\/nonaessencya.com.br\/vitrine\/index.php?rest_route=\/wp\/v2\/product\/228","targetHints":{"allow":["GET"]}}],"collection":[{"href":"https:\/\/nonaessencya.com.br\/vitrine\/index.php?rest_route=\/wp\/v2\/product"}],"about":[{"href":"https:\/\/nonaessencya.com.br\/vitrine\/index.php?rest_route=\/wp\/v2\/types\/product"}],"replies":[{"embeddable":true,"href":"https:\/\/nonaessencya.com.br\/vitrine\/index.php?rest_route=%2Fwp%2Fv2%2Fcomments&post=228"}],"wp:featuredmedia":[{"embeddable":true,"href":"https:\/\/nonaessencya.com.br\/vitrine\/index.php?rest_route=\/wp\/v2\/media\/276"}],"wp:attachment":[{"href":"https:\/\/nonaessencya.com.br\/vitrine\/index.php?rest_route=%2Fwp%2Fv2%2Fmedia&parent=228"}],"wp:term":[{"taxonomy":"product_cat","embeddable":true,"href":"https:\/\/nonaessencya.com.br\/vitrine\/index.php?rest_route=%2Fwp%2Fv2%2Fproduct_cat&post=228"},{"taxonomy":"product_tag","embeddable":true,"href":"https:\/\/nonaessencya.com.br\/vitrine\/index.php?rest_route=%2Fwp%2Fv2%2Fproduct_tag&post=228"}],"curies":[{"name":"wp","href":"https:\/\/api.w.org\/{rel}","templated":true}]}}