{"id":225,"date":"2015-08-22T09:15:06","date_gmt":"2015-08-22T12:15:06","guid":{"rendered":"http:\/\/nonaessencya.com\/vitrine\/?post_type=product&#038;p=225"},"modified":"2022-05-16T07:48:28","modified_gmt":"2022-05-16T10:48:28","slug":"depressao","status":"publish","type":"product","link":"https:\/\/nonaessencya.com.br\/vitrine\/?product=depressao","title":{"rendered":"Depress\u00e3o"},"content":{"rendered":"<p>Ess\u00eancia indicada para pessoas que vivem com uma tristeza profunda, sem vontade de comer, respirar, viver. Est\u00e3o sempre deprimidas e quase sempre se julgam v\u00edtimas ou m\u00e1rtires. Sofrem de uma ang\u00fastia extrema, perda da f\u00e9 e falta de conex\u00e3o com o Eu superior. N\u00e3o v\u00ea expectativas de melhorar, pois est\u00e1 em total apatia. Esta f\u00f3rmula ajuda a acordar o potencial interno de autocura, para perceber que somos guiados por uma energia superior e que podemos confiar na provid\u00eancia Divina. Aumenta a f\u00e9 e a esperan\u00e7a, for\u00e7as propulsoras de grandes mudan\u00e7as internas e externas.<\/p>\n<p>Frasco com 30 ml pronto para uso.<\/p>\n<p>Utilizar 4 gotas 4 vezes ao dia durante o periodo que sentir os sintomas da depress\u00e3o.<br \/>\nN\u00e3o possui contra indica\u00e7\u00e3o e pode ser utilizado juntamente com outro tratamento.<\/p>\n","protected":false},"excerpt":{"rendered":"<p>Ess\u00eancia indicada para pessoas que vivem com uma tristeza profunda, sem vontade de comer, respirar, viver. Est\u00e3o sempre deprimidas e quase sempre se julgam v\u00edtimas ou m\u00e1rtires. Sofrem de uma ang\u00fastia extrema, perda da f\u00e9 e falta de conex\u00e3o com <span class=\"excerpt-dots\">&hellip;<\/span> <a class=\"more-link\" href=\"https:\/\/nonaessencya.com.br\/vitrine\/?product=depressao\"><span class=\"more-msg\">Continuar lendo &rarr;<\/span><\/a><\/p>\n","protected":false},"featured_media":581,"comment_status":"closed","ping_status":"closed","template":"","meta":[],"product_cat":[125,123,120],"product_tag":[],"class_list":{"0":"post-225","1":"product","2":"type-product","3":"status-publish","4":"has-post-thumbnail","6":"product_cat-auto-cura","7":"product_cat-bem-estar","8":"product_cat-formulas-prontas","10":"first","11":"instock","12":"shipping-taxable","13":"purchasable","14":"product-type-simple"},"_links":{"self":[{"href":"https:\/\/nonaessencya.com.br\/vitrine\/index.php?rest_route=\/wp\/v2\/product\/225","targetHints":{"allow":["GET"]}}],"collection":[{"href":"https:\/\/nonaessencya.com.br\/vitrine\/index.php?rest_route=\/wp\/v2\/product"}],"about":[{"href":"https:\/\/nonaessencya.com.br\/vitrine\/index.php?rest_route=\/wp\/v2\/types\/product"}],"replies":[{"embeddable":true,"href":"https:\/\/nonaessencya.com.br\/vitrine\/index.php?rest_route=%2Fwp%2Fv2%2Fcomments&post=225"}],"wp:featuredmedia":[{"embeddable":true,"href":"https:\/\/nonaessencya.com.br\/vitrine\/index.php?rest_route=\/wp\/v2\/media\/581"}],"wp:attachment":[{"href":"https:\/\/nonaessencya.com.br\/vitrine\/index.php?rest_route=%2Fwp%2Fv2%2Fmedia&parent=225"}],"wp:term":[{"taxonomy":"product_cat","embeddable":true,"href":"https:\/\/nonaessencya.com.br\/vitrine\/index.php?rest_route=%2Fwp%2Fv2%2Fproduct_cat&post=225"},{"taxonomy":"product_tag","embeddable":true,"href":"https:\/\/nonaessencya.com.br\/vitrine\/index.php?rest_route=%2Fwp%2Fv2%2Fproduct_tag&post=225"}],"curies":[{"name":"wp","href":"https:\/\/api.w.org\/{rel}","templated":true}]}}