{"id":217,"date":"2015-08-22T08:00:53","date_gmt":"2015-08-22T11:00:53","guid":{"rendered":"http:\/\/nonaessencya.com\/vitrine\/?post_type=product&#038;p=217"},"modified":"2022-05-16T07:48:28","modified_gmt":"2022-05-16T10:48:28","slug":"formula-do-sucesso","status":"publish","type":"product","link":"https:\/\/nonaessencya.com.br\/vitrine\/?product=formula-do-sucesso","title":{"rendered":"Sucesso"},"content":{"rendered":"<p>Esta formula ativa o brilho e o poder pessoal potencializando a conquista dos seus objetivos e reconhecimento do seu esfor\u00e7o. Por exemplo, para uma entrevista para um emprego ou um encontro importante. Em todas as ocasi\u00f5es que voc\u00ea quer ser ser visto e sentido com o seu brilho total!<\/p>\n<p>Promove o bem estar e n\u00e3o tem contra indica\u00e7\u00e3o.<\/p>\n<p>Voc\u00ea vai ser percebido, admirado, e sentir o que \u00e9 o Sucesso!<\/p>\n<p>D\u00ea de presente para quem voc\u00ea ama.<\/p>\n","protected":false},"excerpt":{"rendered":"<p>Esta formula ativa o brilho e o poder pessoal potencializando a conquista dos seus objetivos e reconhecimento do seu esfor\u00e7o. Por exemplo, para uma entrevista para um emprego ou um encontro importante. Em todas as ocasi\u00f5es que voc\u00ea quer ser <span class=\"excerpt-dots\">&hellip;<\/span> <a class=\"more-link\" href=\"https:\/\/nonaessencya.com.br\/vitrine\/?product=formula-do-sucesso\"><span class=\"more-msg\">Continuar lendo &rarr;<\/span><\/a><\/p>\n","protected":false},"featured_media":265,"comment_status":"closed","ping_status":"closed","template":"","meta":[],"product_cat":[125,123,120],"product_tag":[],"class_list":{"0":"post-217","1":"product","2":"type-product","3":"status-publish","4":"has-post-thumbnail","6":"product_cat-auto-cura","7":"product_cat-bem-estar","8":"product_cat-formulas-prontas","10":"first","11":"instock","12":"sold-individually","13":"shipping-taxable","14":"purchasable","15":"product-type-simple"},"_links":{"self":[{"href":"https:\/\/nonaessencya.com.br\/vitrine\/index.php?rest_route=\/wp\/v2\/product\/217","targetHints":{"allow":["GET"]}}],"collection":[{"href":"https:\/\/nonaessencya.com.br\/vitrine\/index.php?rest_route=\/wp\/v2\/product"}],"about":[{"href":"https:\/\/nonaessencya.com.br\/vitrine\/index.php?rest_route=\/wp\/v2\/types\/product"}],"replies":[{"embeddable":true,"href":"https:\/\/nonaessencya.com.br\/vitrine\/index.php?rest_route=%2Fwp%2Fv2%2Fcomments&post=217"}],"wp:featuredmedia":[{"embeddable":true,"href":"https:\/\/nonaessencya.com.br\/vitrine\/index.php?rest_route=\/wp\/v2\/media\/265"}],"wp:attachment":[{"href":"https:\/\/nonaessencya.com.br\/vitrine\/index.php?rest_route=%2Fwp%2Fv2%2Fmedia&parent=217"}],"wp:term":[{"taxonomy":"product_cat","embeddable":true,"href":"https:\/\/nonaessencya.com.br\/vitrine\/index.php?rest_route=%2Fwp%2Fv2%2Fproduct_cat&post=217"},{"taxonomy":"product_tag","embeddable":true,"href":"https:\/\/nonaessencya.com.br\/vitrine\/index.php?rest_route=%2Fwp%2Fv2%2Fproduct_tag&post=217"}],"curies":[{"name":"wp","href":"https:\/\/api.w.org\/{rel}","templated":true}]}}