{"id":213,"date":"2015-08-22T07:46:00","date_gmt":"2015-08-22T10:46:00","guid":{"rendered":"http:\/\/nonaessencya.com\/vitrine\/?post_type=product&#038;p=213"},"modified":"2022-05-16T07:48:28","modified_gmt":"2022-05-16T10:48:28","slug":"floral-de-estudo","status":"publish","type":"product","link":"https:\/\/nonaessencya.com.br\/vitrine\/?product=floral-de-estudo","title":{"rendered":"Estudo"},"content":{"rendered":"<p>Melhore seu desempenho intelectual!<br \/>\nF\u00f3rmula indicada para estudantes e pessoas que necessitam de um bom desempenho intelectual em seu trabalho di\u00e1rio ou nos estudos. Muito importante para a hora das provas, onde voc\u00ea precisa ter tranquilidade e concentra\u00e7\u00e3o para mostrar o que sabe!<br \/>\nEsta f\u00f3rmula \u00e9 composta de ess\u00eancias florais combinadas com elixires de rochas e minerais. Ajuda no alivio do estress e da ansiedade e melhora a concentra\u00e7\u00e3o e a mem\u00f3ria. Esta ess\u00eancia floral j\u00e1 vem pronta para o uso e n\u00e3o possue contra indica\u00e7\u00e3o.<\/p>\n","protected":false},"excerpt":{"rendered":"<p>Melhore seu desempenho intelectual! F\u00f3rmula indicada para estudantes e pessoas que necessitam de um bom desempenho intelectual em seu trabalho di\u00e1rio ou nos estudos. Muito importante para a hora das provas, onde voc\u00ea precisa ter tranquilidade e concentra\u00e7\u00e3o para mostrar <span class=\"excerpt-dots\">&hellip;<\/span> <a class=\"more-link\" href=\"https:\/\/nonaessencya.com.br\/vitrine\/?product=floral-de-estudo\"><span class=\"more-msg\">Continuar lendo &rarr;<\/span><\/a><\/p>\n","protected":false},"featured_media":620,"comment_status":"closed","ping_status":"closed","template":"","meta":[],"product_cat":[122,123,120],"product_tag":[],"class_list":{"0":"post-213","1":"product","2":"type-product","3":"status-publish","4":"has-post-thumbnail","6":"product_cat-ofertas","7":"product_cat-bem-estar","8":"product_cat-formulas-prontas","10":"first","11":"instock","12":"shipping-taxable","13":"purchasable","14":"product-type-simple"},"_links":{"self":[{"href":"https:\/\/nonaessencya.com.br\/vitrine\/index.php?rest_route=\/wp\/v2\/product\/213","targetHints":{"allow":["GET"]}}],"collection":[{"href":"https:\/\/nonaessencya.com.br\/vitrine\/index.php?rest_route=\/wp\/v2\/product"}],"about":[{"href":"https:\/\/nonaessencya.com.br\/vitrine\/index.php?rest_route=\/wp\/v2\/types\/product"}],"replies":[{"embeddable":true,"href":"https:\/\/nonaessencya.com.br\/vitrine\/index.php?rest_route=%2Fwp%2Fv2%2Fcomments&post=213"}],"wp:featuredmedia":[{"embeddable":true,"href":"https:\/\/nonaessencya.com.br\/vitrine\/index.php?rest_route=\/wp\/v2\/media\/620"}],"wp:attachment":[{"href":"https:\/\/nonaessencya.com.br\/vitrine\/index.php?rest_route=%2Fwp%2Fv2%2Fmedia&parent=213"}],"wp:term":[{"taxonomy":"product_cat","embeddable":true,"href":"https:\/\/nonaessencya.com.br\/vitrine\/index.php?rest_route=%2Fwp%2Fv2%2Fproduct_cat&post=213"},{"taxonomy":"product_tag","embeddable":true,"href":"https:\/\/nonaessencya.com.br\/vitrine\/index.php?rest_route=%2Fwp%2Fv2%2Fproduct_tag&post=213"}],"curies":[{"name":"wp","href":"https:\/\/api.w.org\/{rel}","templated":true}]}}