{"id":522,"date":"2015-09-03T07:44:19","date_gmt":"2015-09-03T10:44:19","guid":{"rendered":"http:\/\/nonaessencya.com\/vitrine\/?page_id=522"},"modified":"2015-09-03T09:22:28","modified_gmt":"2015-09-03T12:22:28","slug":"o-cerrado-e-os-florais","status":"publish","type":"page","link":"https:\/\/nonaessencya.com.br\/vitrine\/?page_id=522","title":{"rendered":"O Cerrado e os Florais"},"content":{"rendered":"<p><strong>Qual a influ\u00eancia geogr\u00e1fica da regi\u00e3o do planalto central no potencial destes florais?<br \/>\n<\/strong><\/p>\n<p>Para descrever o potencial curador desta regi\u00e3o ser\u00e1 usado um estudo de analise da assinatura da regi\u00e3o ( forma, idade, localiza\u00e7\u00e3o, composi\u00e7\u00e3o quimica, cores, etc). Este resultado \u00e9 fruto de todos estes anos de pesquisa e observa\u00e7\u00e3o no estudo das ess\u00eancias florais.<\/p>\n<p>Terras de forma\u00e7\u00e3o geol\u00f3gica antiga, tendo sido habitada a mais de 12.000 anos o que nos traz as mem\u00f3rias de nossa ancestralidade e nos d\u00e1 for\u00e7a para trabalhar este tema;<\/p>\n<p>Arbustos e \u00e1rvores de pequeno e m\u00e9dio porte, com troncos retorcidos, cascas grossas e gretadas, lembrando-nos os idosos que j\u00e1 sofreram a a\u00e7\u00e3o do tempo, mas que trazem consigo uma grande sabedoria;<\/p>\n<p>As folhas grandes, \u00e1speras e r\u00edgidas assinalam a r\u00edgidez da qual temos que nos curar para seguirmos o caminho evolutivo;<\/p>\n<p>Ra\u00edzes profundas que chegam a alcan\u00e7ar mais de 20 metros de profundidade, evidenciam o elemento terra que nos mostra ser esta regi\u00e3o prop\u00edcia para o trabalho de aterramento para pessoas muito a\u00e9reas e sonhadoras. Tamb\u00e9m se percebe atrav\u00e9s desta assinatura a possibilidade de entrar em contato com dimens\u00f5es do inconciente, inclusive nossas mem\u00f3rias ancestrais.<\/p>\n<p>Terra \u00e1cida lavada e pobre em mat\u00e9ria organica contrasta com a beleza e colorido das suas flores, nos mostrando a for\u00e7a de adaptabilidade, persistencia e resist\u00eancia desta vegeta\u00e7\u00e3o.<\/p>\n<p>Folhas caducas que caem ciclicamente, e se renovam rapidamente. Muitas vezes surgindo primeiro as flores e depois as folhas, nos indicando a for\u00e7a da transi\u00e7\u00e3o e do renacimento presente naquela vegeta\u00e7\u00e3o.<\/p>\n<p>Vegeta\u00e7\u00e3o tipo savana produz mais oxigenio do que consome, tornando-se um grande provedor de ar respiravel, representando o elemento ar, que nos inspira a criatividade, flexibilidade, fluidez e a circula\u00e7\u00e3o.<\/p>\n<p>Grandes mananciais e profundos len\u00e7ois d\u2019\u00e0gua. Este elemento mostra o caminho para trabalhar a express\u00e3o emocional, principalmente em seus desequil\u00edbrios.<\/p>\n<p>O sol &#8211; elemento fogo, t\u00e3o natural e radiante nesta regi\u00e3o, estimula a for\u00e7a da vida, aumenta a energia vital em todas as suas flores, irradiando alegria e luz.<\/p>\n<p>A localiza\u00e7\u00e3o do Planalto Central, centro do Brasil e da Am\u00e9rica do Sul, nos indicando com isso, o chakra card\u00edaco do continente, aumentando desta forma, o potencial de cura pelo amor incondicional.<\/p>\n<p>A regi\u00e3o do cerrado inicia-se no sul dos Estados do Maranh\u00e3o e Piau\u00ed, passa pelos Estados do Tocantins, Goi\u00e1s, Distrito Federal, Bahia, Minas Gerais, Mato Grosso e Mato Grosso do Sul, centro do Estado de S\u00e3o Paulo e chega ao norte do Paran\u00e1, podendo ser considerada a espinha dorsal ambiental do Brasil, sugerindo a for\u00e7a do equil\u00edbrio que \u00e9 transmitida pela assinatura desta regi\u00e3o.<\/p>\n<p>Durante a \u00e9poca da seca, tem-se a impress\u00e3o que est\u00e1 tudo morto, mas mesmo nesse per\u00edodo de transi\u00e7\u00e3o, que na regi\u00e3o \u00e9 muito r\u00e1pido e varia de um lugar para o outro, pois sendo uma grande bio-diversidade, sempre haver\u00e1 algumas ervas, arbustos ou \u00e1rvores, algumas vezes sem as folhas, mas marcados pela vida e colorido das flores, que surgem em primeiro lugar.<\/p>\n<p>Todas estas caracter\u00edsticas refor\u00e7am a nossa percep\u00e7\u00e3o do poder curador emanado por cada flor da regi\u00e3o, n\u00e3o importando se nativa ou cultivada.<\/p>\n","protected":false},"excerpt":{"rendered":"<p>Qual a influ\u00eancia geogr\u00e1fica da regi\u00e3o do planalto central no potencial destes florais? Para descrever o potencial curador desta regi\u00e3o ser\u00e1 usado um estudo de analise da assinatura da regi\u00e3o ( forma, idade, localiza\u00e7\u00e3o, composi\u00e7\u00e3o quimica, cores, etc). Este resultado <span class=\"excerpt-dots\">&hellip;<\/span> <a class=\"more-link\" href=\"https:\/\/nonaessencya.com.br\/vitrine\/?page_id=522\"><span class=\"more-msg\">Continuar lendo &rarr;<\/span><\/a><\/p>\n","protected":false},"author":1,"featured_media":533,"parent":102,"menu_order":0,"comment_status":"closed","ping_status":"closed","template":"","meta":{"footnotes":""},"class_list":["post-522","page","type-page","status-publish","has-post-thumbnail","hentry"],"_links":{"self":[{"href":"https:\/\/nonaessencya.com.br\/vitrine\/index.php?rest_route=\/wp\/v2\/pages\/522","targetHints":{"allow":["GET"]}}],"collection":[{"href":"https:\/\/nonaessencya.com.br\/vitrine\/index.php?rest_route=\/wp\/v2\/pages"}],"about":[{"href":"https:\/\/nonaessencya.com.br\/vitrine\/index.php?rest_route=\/wp\/v2\/types\/page"}],"author":[{"embeddable":true,"href":"https:\/\/nonaessencya.com.br\/vitrine\/index.php?rest_route=\/wp\/v2\/users\/1"}],"replies":[{"embeddable":true,"href":"https:\/\/nonaessencya.com.br\/vitrine\/index.php?rest_route=%2Fwp%2Fv2%2Fcomments&post=522"}],"version-history":[{"count":2,"href":"https:\/\/nonaessencya.com.br\/vitrine\/index.php?rest_route=\/wp\/v2\/pages\/522\/revisions"}],"predecessor-version":[{"id":538,"href":"https:\/\/nonaessencya.com.br\/vitrine\/index.php?rest_route=\/wp\/v2\/pages\/522\/revisions\/538"}],"up":[{"embeddable":true,"href":"https:\/\/nonaessencya.com.br\/vitrine\/index.php?rest_route=\/wp\/v2\/pages\/102"}],"wp:featuredmedia":[{"embeddable":true,"href":"https:\/\/nonaessencya.com.br\/vitrine\/index.php?rest_route=\/wp\/v2\/media\/533"}],"wp:attachment":[{"href":"https:\/\/nonaessencya.com.br\/vitrine\/index.php?rest_route=%2Fwp%2Fv2%2Fmedia&parent=522"}],"curies":[{"name":"wp","href":"https:\/\/api.w.org\/{rel}","templated":true}]}}