{"id":521,"date":"2015-09-03T08:26:05","date_gmt":"2015-09-03T11:26:05","guid":{"rendered":"http:\/\/nonaessencya.com\/vitrine\/?page_id=521"},"modified":"2015-12-12T13:58:27","modified_gmt":"2015-12-12T15:58:27","slug":"perguntas-frequentes","status":"publish","type":"page","link":"https:\/\/nonaessencya.com.br\/vitrine\/?page_id=521","title":{"rendered":"Perguntas frequentes"},"content":{"rendered":"<p><strong>Que s\u00e3o florais ?\u00a0 <\/strong><\/p>\n<p>As ess\u00eancias florais s\u00e3o solu\u00e7\u00f5es aquosas preparadas a partir de flores, que em sua composi\u00e7\u00e3o n\u00e3o apresentam tra\u00e7os quimicos das plantas que as comp\u00f5e, <!--more-->mas as suas caracter\u00edsticas energ\u00e9ticas e vibracionais. Atuam principalmente nos corpos suitis, refletindo os seus efeitos no corpo f\u00edsico. As ess\u00eancias florais n\u00e3o s\u00e3o consideradas rem\u00e9dios e n\u00e3o possuem contra indica\u00e7\u00e3o, podendo ser usadas por pessoas de todas as idades e como complemento de qualquer tipo de terapia.<\/p>\n<p>&nbsp;<\/p>\n<p><strong>Como surgiram as ess\u00eancias florais ?\u00a0<\/strong><\/p>\n<p>O criador desta pesquisa sobre as ess\u00eancias florais foi o m\u00e9dico e homeopata ingl\u00eas Dr.Edward Bach, que desenvolveu este trabalho de 1928 a 1936, ano em que faleceu. Deixou para a humanidade este grande legado que s\u00e3o as suas pesquisas sobre a terapia floral e a abertura de um portal para acessarmos um maior contato com o reino vegetal e ampliar desta forma esta pesquisa por todo o planeta. Atualmente s\u00e3o preparadas ess\u00eancias florais em varios pa\u00edses, como Austr\u00e1lia, EUA, Canad\u00e1, Holanda, Alasca, Inglaterra, e varios sistemas no Brasil.<\/p>\n<p>&nbsp;<\/p>\n<p><strong>As Ess\u00eancias Florais possuem contra-indica\u00e7\u00e3o?\u00a0 <\/strong><\/p>\n<p>N\u00e3o, as ess\u00eancias florais passam pelo processo de dilui\u00e7\u00e3o e conservam apenas os teores energ\u00e9ticos e curativos das flores, podendo ser utilizadas em conjunto com outros tipos de terapias, justamente por n\u00e3o apresentarem nenhuma contra-indica\u00e7\u00e3o.<\/p>\n<p>&nbsp;<\/p>\n<p><strong>Porque tantas plantas diferentes s\u00e3o indicadas para o mesmo problema?<\/strong><\/p>\n<p>Realmente muitas flores tratam os mesmos temas (desequil\u00edbrios f\u00edsicos, mentais, emocionais), por\u00e9m s\u00e3o diferenciadas em sua forma de curar. N\u00f3s tamb\u00e9m somos \u00fanicos (livre-arb\u00edtrio, personalidade e experi\u00eancias passadas).<\/p>\n<p>O problema pode ser o mesmo, mas geralmente tem origem diferente e muitas vezes a ess\u00eancia floral indicada para o problema de uma pessoa n\u00e3o ser\u00e1 aquela usada para o mesmo problema em outra pessoa, pois as emo\u00e7\u00f5es que causaram o desequil\u00edbrio diferem para cada indiv\u00edduo.<\/p>\n<p>Portanto, para sele\u00e7\u00e3o das ess\u00eancias al\u00e9m do conhecimento da terapia floral \u00e9 importante o uso da intui\u00e7\u00e3o e, contando com ela, proceder a escolha.<\/p>\n<p>&nbsp;<\/p>\n<p><strong>Como podem ser utilizadas as ess\u00eancias florais?<\/strong><\/p>\n<p>As ess\u00eancias florais podem ser utilizadas na forma oral (sub-lingual), uso t\u00f3pico (nos chakras ou no local afetado) e ambiental (na forma de spray).<\/p>\n<p>&nbsp;<\/p>\n<p><strong>Quais os principais problemas que se tratam com os florais?\u00a0<\/strong><\/p>\n<p>Os principais problemas tratados com as ess\u00eancias florais s\u00e3o: casos de estresse, depress\u00e3o, medo, ins\u00f4nia, ang\u00fastia, p\u00e2nico, e muitos outros problemas relacionados com o nosso psiquismo e que d\u00e3o origem \u00e0s doen\u00e7as f\u00edsicas.<\/p>\n<p>&nbsp;<\/p>\n<p><strong>Uso geral das Ess\u00eancias Florais<\/strong><\/p>\n<p>As ess\u00eancias florais podem ser utilizadas independentemente do usu\u00e1rio fazer uso de qualquer outro tipo de terapia ou medicamento. Elas n\u00e3o provocam risco de intoxica\u00e7\u00e3o, pois, passam pelo processo de dilui\u00e7\u00e3o conservando apenas os teores energ\u00e9ticos e curativos das flores<\/p>\n<p>As ess\u00eancias florais promovem o bem estar, conferindo harmonia nos relacionamentos, melhorando as rela\u00e7\u00f5es de trabalho, ajudando pais e professores na educa\u00e7\u00e3o das crian\u00e7as e adolescentes, confortando e fortalecendo as pessoas que est\u00e3o passando por problemas f\u00edsicos emocionais ou mentais.<\/p>\n<p>Hoje no Brasil, a utiliza\u00e7\u00e3o das ess\u00eancias florais cresceu e contribui de forma significativa, trazendo benef\u00edcios em in\u00fameras \u00e1reas tais como:<\/p>\n<ul>\n<li>Na educa\u00e7\u00e3o formal e informal facilitando o aprendizado e resgatando o potencial criativo e intelectual de crian\u00e7as adolescentes e adultos.<\/li>\n<li>Na psicopedagogia, ajudando na reintegra\u00e7\u00e3o da crian\u00e7a com dificuldades escolares, aumentando sua confian\u00e7a e desenvolvendo suas capacidades.<\/li>\n<li>Na \u00e1rea da sa\u00fade, s\u00e3o instrumentos eficazes para seus profissionais ao harmonizar emo\u00e7\u00f5es, pensamentos ou atitudes que podem vir a se expressar com disfun\u00e7\u00f5es f\u00edsicas.<\/li>\n<li>Na psicologia, oferece apoio ao processo psicoterap\u00eautico, atrav\u00e9s da catalisa\u00e7\u00e3o, harmoniza\u00e7\u00e3o e\/ou equil\u00edbrio de processos do inconsciente.<\/li>\n<li>Nas empresas, incrementando a integra\u00e7\u00e3o, coopera\u00e7\u00e3o, produtividade, criatividade e bem estar, que se expressam na melhor qualidade de vida.<\/li>\n<li>Na agricultura e jardinagem, aumentando a produtividade e resist\u00eancia das plantas.<\/li>\n<li>Na veterin\u00e1ria, auxilia o reequil\u00edbrio de animais em sofrimento ou com dist\u00farbios comportamentais.<\/li>\n<li>Na odontologia ajudando os pacientes que entram em p\u00e2nico s\u00f3 em pensar que devem fazer uma visita ao seu dentista.<\/li>\n<li>Na \u00e1rea de assist\u00eancia social, s\u00e3o instrumentos valiosos, no trabalho de apoio ao cidad\u00e3o, aumentando a auto-estima e resgatando valores morais \u00e9ticos e c\u00edvicos, junto a indiv\u00edduos, fam\u00edlias, grupos sociais e entidades beneficentes.<\/li>\n<li>No auxilio a crian\u00e7as e adolescentes em situa\u00e7\u00f5es de risco social, bem como crian\u00e7as abandonadas ou privadas de apoio e orienta\u00e7\u00e3o moral.<\/li>\n<\/ul>\n<p>&nbsp;<\/p>\n<p><strong>O que fazemos em um caso de emerg\u00eancia ?\u00a0<\/strong><\/p>\n<p>Em caso de necessidade m\u00e9dica, procure este servi\u00e7o com urg\u00eancia, e como suporte inicie o tratamento com o floral usando diretamente do vidro de estoque na seguinte forma: duas gotas sub-lingual, ou diluindo 2 gotas em \u00e1gua para ingest\u00e3o oral, ou ainda, uso t\u00f3pico.<\/p>\n<p>&nbsp;<\/p>\n<p><strong>\u00c9 aconselh\u00e1vel procurar um terap\u00eauta para se fazer uso das ess\u00eancias florais ?\u00a0<\/strong><\/p>\n<p>O terap\u00eauta \u00e9 importante por sua grande experi\u00eancia, e pode ajudar muito em alguns casos, mas n\u00e3o \u00e9 indispensavel. De acordo com Edward Bach, todas as fam\u00edlias deveriam ter um kit de ess\u00eancias florais para o seu uso.<\/p>\n<p>O estudo da terapia floral traz para o usu\u00e1rio embasamento e auto-confian\u00e7a para o uso e manipula\u00e7\u00e3o dos florais.<\/p>\n<p>Os casos mais complicados devem ser acompanhados por terap\u00eautas experi\u00eantes, pois de maneira imparcial, e mais rapidamente conseguem chegar \u00e0 origem do problema, que pode estar no subconsciente, ter se originado em vidas passadas ou mesmo no per\u00edodo intra-uterino.<\/p>\n<p>&nbsp;<\/p>\n<p><strong>Qual o per\u00edodo de dura\u00e7\u00e3o de um tratamento com as ess\u00eancias florais ?\u00a0<\/strong><\/p>\n<p>O tempo de tratamento varia de caso para caso; sendo que algumas pessoas sentem resultado quase instantaneamente, enquanto outras levam mais tempo para perceber suas melhoras.<\/p>\n<p>Para se obter uma cura mais profunda deve-se se persistir no tratamento por um per\u00edodo maior.<\/p>\n<p>Segundo a Dr\u00aa. Olga Passos, m\u00e9dica e pesquisadora de ess\u00eancias florais no tratamento de crian\u00e7as excepcionais, deve-se manter o tratamento pelo menos por 9 meses (tempo de gesta\u00e7\u00e3o, necess\u00e1rio para assumirmos a encarna\u00e7\u00e3o presente).<\/p>\n<p>&nbsp;<\/p>\n<p><strong>As ess\u00eancias florais funcionam?\u00a0<\/strong><\/p>\n<p>Sim , tem-se comprovado, em todos os lugares onde as ess\u00eancias florais s\u00e3o usadas, casos de cura, de melhora e de mudan\u00e7as comportamentais. Na medida em que mais flores s\u00e3o pesquisadas, aumenta o conhecimento e a percep\u00e7\u00e3o do potencial de cura existente em cada flor. Devemos lembrar que as ess\u00eancias florais s\u00e3o grandes catalisadoras do potencial de auto-cura, que todos n\u00f3s possuimos. Mesmo em casos de n\u00e3o percebermos a resposta do corpo ao tratamento, devemos us\u00e1-las por um per\u00edodo maior dando assim oportunidade para o organismo se equilibrar.<\/p>\n<p>&nbsp;<\/p>\n<p><strong>Os Florais s\u00e3o reconhecidos oficialmente como fonte de cura ?\u00a0<\/strong><\/p>\n<p>Em 1978, um relat\u00f3rio da Organiza\u00e7\u00e3o Mundial de Sa\u00fade (OMS), institui\u00e7\u00e3o com respaldo oficial e cient\u00edfico, reconhecia a utilidade das medicinas paralelas, preventivas ou alternativas, e as recomendava como fonte importante de cura, principalmente para os pa\u00edses em desenvolvimento.<\/p>\n<p>&nbsp;<\/p>\n<p><strong>O que diferencia o sistema Cerrado-Brasil &#8211; Nona Ess\u00eancya dos outros sistemas florais do mundo?\u00a0<\/strong><\/p>\n<p>Os nossos florais tem apresentado resultados terapeuticos muito r\u00e1pidos e profundos. Acreditamos que varias circunstancias\u00a0 contribuem para isso, assim como o clima e as caracteristicas geol\u00f3gicas da nossa regi\u00e3o e tanb\u00e9m o fator humano, \u00e9 claro.<\/p>\n<p>Uma das caracter\u00edsticas t\u00e9cnicas que diferencia o sistema Cerrado-Brasil &#8211; Nona Ess\u00eancya \u00e9 possuir um extenso repert\u00f3rio de F\u00f3rmulas Compostas de ess\u00eancias florais potencializadas com elixires de rochas e minerais. As F\u00f3rmulas Compostas visam\u00a0 facilitar a escolha das ess\u00eancias que \u00e9 feito pelo nome da f\u00f3rmula. Na dinamica do dia a dia \u00e9 muito mais facil tomar uma dose de floral que j\u00e1 tem a formula pronta. \u00c9 muito eficiente!<\/p>\n<p>Outro diferencial \u00e9 a praticidade do<a href=\"http:\/\/nonaessencya.com.br\/kit_florais_do_cerrado.htm\"> KIT DO CERRADO<\/a>. Este kit foi criado com o objetivo de viabilizar uma linha terap\u00eautica nacional, constru\u00edda sobre os fundamentos da tradicional Terapia Floral criada pelo m\u00e9dico ingl\u00eas Dr. Eduard Bach, baseada nas flores do cerrado da regi\u00e3o centro oeste do Brasil.\u00a0 Seguimos o mesmo esquema dos grupos, mas selecionamos &#8216;nossas&#8217; plantas que trabalham aqueles mesmos temas.\u00a0 Assim, ampliamos a bibliografia disponivel. Com base em literatura publicada sobre os tradicionais Florais de Bach.em \u00e1reas como astrologia, psicologia e outras areas terapeuticas; o estudante pode atrav\u00e9s de metodos comparativos e dedutivos fazer a aplica\u00e7\u00e3o das ess\u00eancias do Kit do Cerrado. Nossas ess\u00eancias apesar de completamente diferentes das daquele sistema, tratam tamb\u00e9m os mesmos temas (desequil\u00edbrios).<\/p>\n<p>&nbsp;<\/p>\n<p><strong>Porque tantas ess\u00eancias diferentes s\u00e3o indicadas para o mesmo problema?\u00a0 <\/strong><\/p>\n<p>A nossa resposta \u00e9 que somos uma multid\u00e3o de seres com problemas semelhantes por\u00e9m, com origem diferente e requerendo cuidados especiais e individual\u00edssimos. Por este motivo precisamos de plantas com o mesmo potencial de cura por\u00e9m com caracter\u00edsticas diferentes. A natureza nos oferece esta biodiversidade que apresenta plantas com caracter\u00edsticas diferentes e indica\u00e7\u00f5es semelhantes, para que possamos atender adequadamente cada ser humano nas suas caracter\u00edsticas individuais.<\/p>\n<p>Estas peculiaridades t\u00eam sido notadas nos tratamentos, n\u00e3o s\u00f3 com as ess\u00eancias florais mas, tamb\u00e9m com a fitoterapia, e outros sistemas de cura, onde existem muitos produtos similares, uns proporcionando cura para uma pessoa e outro para outra, apesar de ambas estar passando por problemas semelhantes. Com o trabalho da Terapia Floral, as causas que desencadearam os problemas podem ser diversas e as ess\u00eancias que os v\u00e3o trabalhar, devem ser escolhidas ap\u00f3s analisar a necessidade de cada indiv\u00edduo, a origem emocional do problema e a caracter\u00edstica energ\u00e9tica de cada floral.<\/p>\n<p>As Ess\u00eancias Florais n\u00e3o possuem contra-indica\u00e7\u00e3o e s\u00e3o excelentes complementos, para outros tipos de terapia, potencializando o resultado do tratamento e proporcionando uma redu\u00e7\u00e3o do tempo exigido para a concretiza\u00e7\u00e3o do mesmo.<\/p>\n<p>&nbsp;<\/p>\n<p><strong>Por que foram criadas as f\u00f3rmulas compostas?\u00a0<\/strong><\/p>\n<p>As f\u00f3rmulas compostas foram criadas pensando nos estados de emerg\u00eancia em que as pessoas n\u00e3o est\u00e3o em condi\u00e7\u00e3o de elaborar com calma uma f\u00f3rmula para aquele momento, e que apenas lendo o t\u00edtulo da ess\u00eancia j\u00e1 consegue separar e fazer uso da mesma para superar a crise. O nome de cada f\u00f3rmula foi escolhido, levando-se em conta o tema tratado pelas mesmas, facilitando assim o seu uso por leigos ou pessoas que tenham pouco conhecimento do assunto.<\/p>\n<p>Foi tamb\u00e9m pensando no sonho do Dr. Edward Bach de que cada fam\u00edlia pudesse possuir suas ess\u00eancias, para se harmonizar e cuidar dos familiares, que selecionamos um pequeno kit familiar.<\/p>\n","protected":false},"excerpt":{"rendered":"<p>Que s\u00e3o florais ?\u00a0 As ess\u00eancias florais s\u00e3o solu\u00e7\u00f5es aquosas preparadas a partir de flores, que em sua composi\u00e7\u00e3o n\u00e3o apresentam tra\u00e7os quimicos das plantas que as comp\u00f5e,<\/p>\n <a class=\"more-link\" href=\"https:\/\/nonaessencya.com.br\/vitrine\/?page_id=521\"><span class=\"more-msg\">Continuar lendo &rarr;<\/span><\/a>","protected":false},"author":1,"featured_media":451,"parent":102,"menu_order":0,"comment_status":"closed","ping_status":"closed","template":"","meta":{"footnotes":""},"class_list":["post-521","page","type-page","status-publish","has-post-thumbnail","hentry"],"_links":{"self":[{"href":"https:\/\/nonaessencya.com.br\/vitrine\/index.php?rest_route=\/wp\/v2\/pages\/521","targetHints":{"allow":["GET"]}}],"collection":[{"href":"https:\/\/nonaessencya.com.br\/vitrine\/index.php?rest_route=\/wp\/v2\/pages"}],"about":[{"href":"https:\/\/nonaessencya.com.br\/vitrine\/index.php?rest_route=\/wp\/v2\/types\/page"}],"author":[{"embeddable":true,"href":"https:\/\/nonaessencya.com.br\/vitrine\/index.php?rest_route=\/wp\/v2\/users\/1"}],"replies":[{"embeddable":true,"href":"https:\/\/nonaessencya.com.br\/vitrine\/index.php?rest_route=%2Fwp%2Fv2%2Fcomments&post=521"}],"version-history":[{"count":4,"href":"https:\/\/nonaessencya.com.br\/vitrine\/index.php?rest_route=\/wp\/v2\/pages\/521\/revisions"}],"predecessor-version":[{"id":717,"href":"https:\/\/nonaessencya.com.br\/vitrine\/index.php?rest_route=\/wp\/v2\/pages\/521\/revisions\/717"}],"up":[{"embeddable":true,"href":"https:\/\/nonaessencya.com.br\/vitrine\/index.php?rest_route=\/wp\/v2\/pages\/102"}],"wp:featuredmedia":[{"embeddable":true,"href":"https:\/\/nonaessencya.com.br\/vitrine\/index.php?rest_route=\/wp\/v2\/media\/451"}],"wp:attachment":[{"href":"https:\/\/nonaessencya.com.br\/vitrine\/index.php?rest_route=%2Fwp%2Fv2%2Fmedia&parent=521"}],"curies":[{"name":"wp","href":"https:\/\/api.w.org\/{rel}","templated":true}]}}