{"id":430,"date":"2015-09-01T07:03:10","date_gmt":"2015-09-01T10:03:10","guid":{"rendered":"http:\/\/nonaessencya.com\/vitrine\/?page_id=430"},"modified":"2018-09-21T08:38:51","modified_gmt":"2018-09-21T11:38:51","slug":"contato","status":"publish","type":"page","link":"https:\/\/nonaessencya.com.br\/vitrine\/?page_id=430","title":{"rendered":"Contato"},"content":{"rendered":"<p>A sede da Nona essencia \u00e9 situada em Trindade &#8211; Goi\u00e1s. L\u00e1 s\u00e3o preparadas e guardadas as ess\u00eancias e todos os equipamentos da empresa. Na Sede tamb\u00e9m s\u00e3o oferecidos cursos e workshops sobre essencias florais.<\/p>\n<p>O escritorio e consultorio de Nadir Vilela fica em Goi\u00e2nia na Rua T 36, 2521, ap. 205, Setor Bueno, cep 74223-055. \u00cb neste endere\u00e7o que recebemos os pedidos e enviamos as encomendas. <\/p>\n<p>Os nossos contatos s\u00e3o:<br \/>\nFixo 62 36227881<br \/>\nClaro 62 94544000 (what&#8217;s app &#8211; ZAP)<br \/>\nSkype nadirvilela<\/p>\n","protected":false},"excerpt":{"rendered":"<p>A sede da Nona essencia \u00e9 situada em Trindade &#8211; Goi\u00e1s. L\u00e1 s\u00e3o preparadas e guardadas as ess\u00eancias e todos os equipamentos da empresa. Na Sede tamb\u00e9m s\u00e3o oferecidos cursos e workshops sobre essencias florais. O escritorio e consultorio de <span class=\"excerpt-dots\">&hellip;<\/span> <a class=\"more-link\" href=\"https:\/\/nonaessencya.com.br\/vitrine\/?page_id=430\"><span class=\"more-msg\">Continuar lendo &rarr;<\/span><\/a><\/p>\n","protected":false},"author":1,"featured_media":223,"parent":102,"menu_order":0,"comment_status":"closed","ping_status":"closed","template":"","meta":{"footnotes":""},"class_list":["post-430","page","type-page","status-publish","has-post-thumbnail","hentry"],"_links":{"self":[{"href":"https:\/\/nonaessencya.com.br\/vitrine\/index.php?rest_route=\/wp\/v2\/pages\/430","targetHints":{"allow":["GET"]}}],"collection":[{"href":"https:\/\/nonaessencya.com.br\/vitrine\/index.php?rest_route=\/wp\/v2\/pages"}],"about":[{"href":"https:\/\/nonaessencya.com.br\/vitrine\/index.php?rest_route=\/wp\/v2\/types\/page"}],"author":[{"embeddable":true,"href":"https:\/\/nonaessencya.com.br\/vitrine\/index.php?rest_route=\/wp\/v2\/users\/1"}],"replies":[{"embeddable":true,"href":"https:\/\/nonaessencya.com.br\/vitrine\/index.php?rest_route=%2Fwp%2Fv2%2Fcomments&post=430"}],"version-history":[{"count":5,"href":"https:\/\/nonaessencya.com.br\/vitrine\/index.php?rest_route=\/wp\/v2\/pages\/430\/revisions"}],"predecessor-version":[{"id":760,"href":"https:\/\/nonaessencya.com.br\/vitrine\/index.php?rest_route=\/wp\/v2\/pages\/430\/revisions\/760"}],"up":[{"embeddable":true,"href":"https:\/\/nonaessencya.com.br\/vitrine\/index.php?rest_route=\/wp\/v2\/pages\/102"}],"wp:featuredmedia":[{"embeddable":true,"href":"https:\/\/nonaessencya.com.br\/vitrine\/index.php?rest_route=\/wp\/v2\/media\/223"}],"wp:attachment":[{"href":"https:\/\/nonaessencya.com.br\/vitrine\/index.php?rest_route=%2Fwp%2Fv2%2Fmedia&parent=430"}],"curies":[{"name":"wp","href":"https:\/\/api.w.org\/{rel}","templated":true}]}}