{"id":428,"date":"2015-09-01T06:55:31","date_gmt":"2015-09-01T09:55:31","guid":{"rendered":"http:\/\/nonaessencya.com\/vitrine\/?page_id=428"},"modified":"2015-12-12T11:11:31","modified_gmt":"2015-12-12T13:11:31","slug":"empresa","status":"publish","type":"page","link":"https:\/\/nonaessencya.com.br\/vitrine\/?page_id=428","title":{"rendered":"Empresa"},"content":{"rendered":"<p>Fundada em 1995 por Nadir Vilela e Norisa Bonilia. Hoje, com mais de 20 anos de experi\u00eancia em produ\u00e7\u00e3o e comercializa\u00e7\u00e3o de ess\u00eancias florais. A Nona Ess\u00eancya trabalha com uma filosofia humanit\u00e1ria, visando a melhoria da qualidade da vida planet\u00e1ria atrav\u00e9s do uso das Ess\u00eancias Florais.<\/p>\n<p>Desenvolvemos produtos em escala artesanal buscando manter a mais alta qualidade energ\u00e9tica. A cura se inicia no processo harmonioso da elabora\u00e7\u00e3o das ess\u00eancias.<\/p>\n<p>A Nona Ess\u00eancya &#8211; Cerrado Brasil \u00e9 uma empresa que traz ao p\u00fablico uma pesquisa s\u00e9ria sobre a flora da regi\u00e3o centro-oeste brasileira, tendo como principal produto as ess\u00eancias florais.<\/p>\n<p>Possuimos uma vasta linha de Ess\u00eancias Florais, Elixires de Rochas e Minerais e F\u00f3rmulas Compostas.<\/p>\n<p>O HOMEM \u00e9 o centro do nosso trabalho. Consideramos a individualidade dos consumidores e as suas necessidades de harmoniza\u00e7\u00e3o e cura.<\/p>\n","protected":false},"excerpt":{"rendered":"<p>Fundada em 1995 por Nadir Vilela e Norisa Bonilia. Hoje, com mais de 20 anos de experi\u00eancia em produ\u00e7\u00e3o e comercializa\u00e7\u00e3o de ess\u00eancias florais. A Nona Ess\u00eancya trabalha com uma filosofia humanit\u00e1ria, visando a melhoria da qualidade da vida planet\u00e1ria <span class=\"excerpt-dots\">&hellip;<\/span> <a class=\"more-link\" href=\"https:\/\/nonaessencya.com.br\/vitrine\/?page_id=428\"><span class=\"more-msg\">Continuar lendo &rarr;<\/span><\/a><\/p>\n","protected":false},"author":1,"featured_media":427,"parent":102,"menu_order":0,"comment_status":"closed","ping_status":"closed","template":"","meta":{"footnotes":""},"class_list":["post-428","page","type-page","status-publish","has-post-thumbnail","hentry"],"_links":{"self":[{"href":"https:\/\/nonaessencya.com.br\/vitrine\/index.php?rest_route=\/wp\/v2\/pages\/428","targetHints":{"allow":["GET"]}}],"collection":[{"href":"https:\/\/nonaessencya.com.br\/vitrine\/index.php?rest_route=\/wp\/v2\/pages"}],"about":[{"href":"https:\/\/nonaessencya.com.br\/vitrine\/index.php?rest_route=\/wp\/v2\/types\/page"}],"author":[{"embeddable":true,"href":"https:\/\/nonaessencya.com.br\/vitrine\/index.php?rest_route=\/wp\/v2\/users\/1"}],"replies":[{"embeddable":true,"href":"https:\/\/nonaessencya.com.br\/vitrine\/index.php?rest_route=%2Fwp%2Fv2%2Fcomments&post=428"}],"version-history":[{"count":6,"href":"https:\/\/nonaessencya.com.br\/vitrine\/index.php?rest_route=\/wp\/v2\/pages\/428\/revisions"}],"predecessor-version":[{"id":713,"href":"https:\/\/nonaessencya.com.br\/vitrine\/index.php?rest_route=\/wp\/v2\/pages\/428\/revisions\/713"}],"up":[{"embeddable":true,"href":"https:\/\/nonaessencya.com.br\/vitrine\/index.php?rest_route=\/wp\/v2\/pages\/102"}],"wp:featuredmedia":[{"embeddable":true,"href":"https:\/\/nonaessencya.com.br\/vitrine\/index.php?rest_route=\/wp\/v2\/media\/427"}],"wp:attachment":[{"href":"https:\/\/nonaessencya.com.br\/vitrine\/index.php?rest_route=%2Fwp%2Fv2%2Fmedia&parent=428"}],"curies":[{"name":"wp","href":"https:\/\/api.w.org\/{rel}","templated":true}]}}