{"id":235,"date":"2015-08-24T17:07:13","date_gmt":"2015-08-24T20:07:13","guid":{"rendered":"http:\/\/nonaessencya.com\/vitrine\/?page_id=235"},"modified":"2015-08-24T17:07:13","modified_gmt":"2015-08-24T20:07:13","slug":"ministerio-da-saude","status":"publish","type":"page","link":"https:\/\/nonaessencya.com.br\/vitrine\/?page_id=235","title":{"rendered":"Ministerio da Sa\u00fade"},"content":{"rendered":"<p>Portaria 917 do Minist\u00e9rio da Sa\u00fade do Brasil<\/p>\n<p>\u201cEm 5 de maio de 2006, o Minist\u00e9rio da Sa\u00fade baixou a Portaria 917, incluindo as medicinas complementares, dentre as quais a fitoterapia e as ess\u00eancias florais, no Sistema \u00danico de Sa\u00fade (SUS) do Brasil. Portanto, a popula\u00e7\u00e3o j\u00e1 pode reivindicar o atendimento com florais nos Postos de Sa\u00fade de cada cidade brasileira. Acreditamos que a regulamenta\u00e7\u00e3o da produ\u00e7\u00e3o dos florais n\u00e3o dever\u00e1 demorar muito. A Terapia Floral j\u00e1 est\u00e1 sendo ensinada e pesquisada em conceituadas universidades do Brasil e de diversos pa\u00edses. Existem teses de doutorado, disserta\u00e7\u00f5es de mestrado e milhares de monografias, al\u00e9m de publica\u00e7\u00f5es cient\u00edficas sobre a Terapia Floral, principalmente no Brasil\u201d.<\/p>\n<p>Fonte: Dr. Breno Marques da Silva \u2013 Doutor em F\u00edsico-Qu\u00edmica\/Eletroqu\u00edmica Org\u00e2nica pela USP, criador do sistema floral de Minas.<\/p>\n<p>O que \u00e9 uma ess\u00eancia vibracional conforme documento apresentado ao Minist\u00e9rio da Sa\u00fade no Brasil?<\/p>\n<p>\u201cDefine-se ess\u00eancia vibracional como o preparado natural, artesanal, que traz registrado em seu conte\u00fado o padr\u00e3o vibracional de uma ou diversas manifesta\u00e7\u00f5es da Consci\u00eancia origin\u00e1ria da Natureza, que entram em resson\u00e2ncia com o campo da Consci\u00eancia de pessoas, grupos, coletividades, animais, ambientes e ecossistemas, agindo como princ\u00edpio catalisador que ativa processos de expans\u00e3o e transforma\u00e7\u00e3o da consci\u00eancia, despertando seus talentos, virtudes e potenciais latentes, e resultando na restaura\u00e7\u00e3o da paz, harmonia e equil\u00edbrio.<\/p>\n<p>Pela sua pr\u00f3pria natureza vibracional, as Ess\u00eancias Vibracionais n\u00e3o t\u00eam impacto direto sobre a bioqu\u00edmica do corpo, como tem os alimentos, medicamentos farmac\u00eauticos ou drogas psicoativas. Elas n\u00e3o s\u00e3o medicamentos e n\u00e3o substituem com estes meios, sem interferir na a\u00e7\u00e3o dos mesmos, pois n\u00e3o possuem princ\u00edpios ativos de natureza material. Elas atuam por resson\u00e2ncia vibrat\u00f3ria entre campos m\u00f3rficos. Apesar de serem utilizadas prioritariamente na forma de gotas a serem ingeridas, sua indica\u00e7\u00e3o para terceiros n\u00e3o se configura como prescri\u00e7\u00e3o de medicamentos, podendo ent\u00e3o sua indica\u00e7\u00e3o ser habilitada a profissionais de quaisquer \u00e1reas, desde que capacitados profissionalmente para faz\u00ea-lo\u201d<br \/>\nFonte: Documento elaborado em outubro de 1998, resultado de um longo trabalho realizado pela uni\u00e3o dos produtores, distribuidores de ess\u00eancias vibracionais, sindicatos, terapeutas experientes e representantes e entregue ao Minist\u00e9rio da Sa\u00fade em Bras\u00edlia, a fim de liberar as ess\u00eancias florais nas farm\u00e1cias, uma vez que havia uma a\u00e7\u00e3o equivocada da Vigil\u00e2ncia Sanit\u00e1ria em todo o Brasil, com rela\u00e7\u00e3o aos florais.<\/p>\n<p>Parecer T\u00e9cnico do Minist\u00e9rio da Sa\u00fade (Vigil\u00e2ncia Sanit\u00e1ria) sobre as Ess\u00eancias Florais<\/p>\n<p>\u201cRespondendo Of\u00edcio n\u00ba 01\/98 referente Ess\u00eancias Vibracionais, informo que as ess\u00eancias florais, tais como apresentadas pelos Sindicatos e Associa\u00e7\u00f5es Produtoras, n\u00e3o constituem mat\u00e9ria submetida ao regime de vigil\u00e2ncia sanit\u00e1ria, a teor da Lei n\u00ba 6360, de 23\/09\/1976 e seus regulamentos, n\u00e3o se tratando de medicamentos, drogas ou insumos farmac\u00eauticos. Tal fato n\u00e3o exime, no entanto, a responsabilidade das empresas pela produ\u00e7\u00e3o e comercializa\u00e7\u00e3o dessas subst\u00e2ncias dentro dos padr\u00f5es de qualidade adequados ao consumo da popula\u00e7\u00e3o. Neste sentido, na comercializa\u00e7\u00e3o e venda dessas subst\u00e2ncias, n\u00e3o podem ser apresentadas indica\u00e7\u00f5es terap\u00eauticas com finalidades preventivas ou curativas, induzindo o consumidor ao erro ou confus\u00e3o. Bras\u00edlia, 23 de outubro de 1998.\u201d<\/p>\n<p>Fonte: Of\u00edcio SVS\/GABIN\/ N\u00ba 479\/98<\/p>\n<p>A Posi\u00e7\u00e3o da Organiza\u00e7\u00e3o Mundial da Sa\u00fade (OMS)<\/p>\n<p>Desde o ano de 1976, quando a medicina popular foi incorporada nos programas da OMS, o hiato entre os sistemas moderno e tradicional parece ter se estreitado em alguma extens\u00e3o.<\/p>\n<p>O Dr. H. A W. Forbes, consultor da Organiza\u00e7\u00e3o Mundial De Sa\u00fade (OMS) para assuntos relacionados \u00e0 medicina tradicional, declarou em seu parecer sobre a terapia floral: \u201cOs rem\u00e9dios florais parecem trabalhar segundo o mesmo princ\u00edpio da homeopatia \u2013 eles transmitem um padr\u00e3o de energia. Eu pr\u00f3prio, em minha pr\u00e1tica m\u00e9dica, tenho usado as ess\u00eancias florais de maneira crescente durante os \u00faltimos 17 anos\u2026\u201d.  Fonte: H.A.W.Forbes, Selected Individual Therapies; em Bannerman et al., Traditional Medicine and Health Care Coverage, World Health Organization \u2013 WHO, 1983.<\/p>\n<p>Um genu\u00edno interesse em muitas pr\u00e1ticas tradicionais agora existe entre os profissionais da medicina moderna e um n\u00famero crescente de praticantes dos sistemas ind\u00edgenas, tradicionais ou alternativos est\u00e3o come\u00e7ando a aceitar e usar algumas das tecnologias modernas. Al\u00e9m disto, alguns administradores da sa\u00fade nos pa\u00edses em desenvolvimento t\u00eam recomendado a inclus\u00e3o de terapeutas tradicionais (alternativos) no cuidado prim\u00e1rio da sa\u00fade com base no fato de que tais profissionais est\u00e3o inseridos nos fundamentos socioculturais do povo e que os mesmos s\u00e3o via-de-regra altamente respeitados e detentores de conhecimentos e experi\u00eancia pr\u00e1tica em seus trabalhos.<\/p>\n<p>Considera\u00e7\u00f5es econ\u00f4micas, as dist\u00e2ncias a serem percorridas em alguns pa\u00edses, a for\u00e7a das cren\u00e7as tradicionais, a indisponibilidade de profissionais de sa\u00fade, particularmente no interior e zonas rurais, fatores estes que em conjunto influenciaram esta recomenda\u00e7\u00e3o. Um treinamento adequado e programas de orienta\u00e7\u00e3o para pr\u00e1ticos de sa\u00fade foram desenvolvidos em v\u00e1rios pa\u00edses.<\/p>\n<p>Os estados membros da OMS est\u00e3o atualmente engajados na prepara\u00e7\u00e3o e implementa\u00e7\u00e3o de estrat\u00e9gias que atinjam todos os povos as quais permitam que eles levem uma vida social e economicamente produtiva. Para atingir esse objetivo, a OMS aconselha aos administradores de sa\u00fade dos pa\u00edses em desenvolvimento a considerarem e inclu\u00edrem em seus programas e pr\u00e1ticas de atendimento em sa\u00fade p\u00fablica os v\u00e1rios tipos de profissionais populares de medicina. Esta recomenda\u00e7\u00e3o foi endossada pela International Conference on Primary Health Care ocorrida em Alma-Ata em 1978.<\/p>\n<p>A Declara\u00e7\u00e3o de Alma-Ata que descreve os cuidados prim\u00e1rios com a sa\u00fade refere-se explicitamente \u00e0 necessidade de uma variedade de profissionais de sa\u00fade, incluindo pr\u00e1ticos tradicionais de medicina complementar, os quais deveriam ser social e tecnicamente treinados para trabalhar em equipes de sa\u00fade p\u00fablica e responder \u00e0s necessidades expressas da comunidade.<\/p>\n<p>Dentre as v\u00e1rias modalidades consideradas pelos grupos de estudos, particularmente com rela\u00e7\u00e3o \u00e0 terapia floral, a OMS assim se posicionou: \u201cCada rem\u00e9dio trata uma determinada pessoa e uma condi\u00e7\u00e3o particular. O uso de todos estes rem\u00e9dios (ess\u00eancias florais) est\u00e1 amplamente distribu\u00eddo pelo mundo em uma pequena escala. Eles s\u00e3o excelentes para o autocuidado, sendo totalmente sem efeitos colaterais e n\u00e3o oferecem perigo caso um rem\u00e9dio errado seja prescrito\u201d<\/p>\n","protected":false},"excerpt":{"rendered":"<p>Portaria 917 do Minist\u00e9rio da Sa\u00fade do Brasil \u201cEm 5 de maio de 2006, o Minist\u00e9rio da Sa\u00fade baixou a Portaria 917, incluindo as medicinas complementares, dentre as quais a fitoterapia e as ess\u00eancias florais, no Sistema \u00danico de Sa\u00fade <span class=\"excerpt-dots\">&hellip;<\/span> <a class=\"more-link\" href=\"https:\/\/nonaessencya.com.br\/vitrine\/?page_id=235\"><span class=\"more-msg\">Continuar lendo &rarr;<\/span><\/a><\/p>\n","protected":false},"author":1,"featured_media":0,"parent":102,"menu_order":1,"comment_status":"closed","ping_status":"closed","template":"paget-page2col.php","meta":{"footnotes":""},"class_list":["post-235","page","type-page","status-publish","hentry"],"_links":{"self":[{"href":"https:\/\/nonaessencya.com.br\/vitrine\/index.php?rest_route=\/wp\/v2\/pages\/235","targetHints":{"allow":["GET"]}}],"collection":[{"href":"https:\/\/nonaessencya.com.br\/vitrine\/index.php?rest_route=\/wp\/v2\/pages"}],"about":[{"href":"https:\/\/nonaessencya.com.br\/vitrine\/index.php?rest_route=\/wp\/v2\/types\/page"}],"author":[{"embeddable":true,"href":"https:\/\/nonaessencya.com.br\/vitrine\/index.php?rest_route=\/wp\/v2\/users\/1"}],"replies":[{"embeddable":true,"href":"https:\/\/nonaessencya.com.br\/vitrine\/index.php?rest_route=%2Fwp%2Fv2%2Fcomments&post=235"}],"version-history":[{"count":1,"href":"https:\/\/nonaessencya.com.br\/vitrine\/index.php?rest_route=\/wp\/v2\/pages\/235\/revisions"}],"predecessor-version":[{"id":236,"href":"https:\/\/nonaessencya.com.br\/vitrine\/index.php?rest_route=\/wp\/v2\/pages\/235\/revisions\/236"}],"up":[{"embeddable":true,"href":"https:\/\/nonaessencya.com.br\/vitrine\/index.php?rest_route=\/wp\/v2\/pages\/102"}],"wp:attachment":[{"href":"https:\/\/nonaessencya.com.br\/vitrine\/index.php?rest_route=%2Fwp%2Fv2%2Fmedia&parent=235"}],"curies":[{"name":"wp","href":"https:\/\/api.w.org\/{rel}","templated":true}]}}