{"id":231,"date":"2015-08-24T17:00:28","date_gmt":"2015-08-24T20:00:28","guid":{"rendered":"http:\/\/nonaessencya.com\/vitrine\/?page_id=231"},"modified":"2015-08-24T17:12:40","modified_gmt":"2015-08-24T20:12:40","slug":"231-2","status":"publish","type":"page","link":"https:\/\/nonaessencya.com.br\/vitrine\/?page_id=231","title":{"rendered":"Cerrado"},"content":{"rendered":"<p>\u201cO Cerrado brasileiro possui uma \u00e1rea cont\u00ednua de cerca de dois milh\u00f5es de km quadrados, que corresponde a cerca de 25% do territ\u00f3rio nacional. A \u00e1rea nuclear do cerrado est\u00e1 localizada essencialmente no Planalto Central, ocorrendo tamb\u00e9m nas \u00e1reas perif\u00e9ricas. \u00c9 no Planalto Central, \u00e1rea nuclear do cerrado que se encontra o divisor de \u00e1guas das tr\u00eas grandes bacias hidrogr\u00e1ficas do Brasil, a Amaz\u00f4nica, a do Paran\u00e1 e a do S\u00e3o Francisco. Os solos do cerrado possuem grande varia\u00e7\u00e3o em suas caracter\u00edsticas morfol\u00f3gicas e f\u00edsicas. Possuem, no entanto, algumas caracter\u00edsticas qu\u00edmicas comuns tais como: elevada acidez e toxidez de alum\u00ednio, alta defici\u00eancia de nutrientes, alta capacidade de fixa\u00e7\u00e3o de f\u00f3sforo.\u201d (Gazeta Tecnol\u00f3gica \u2013 maio\/2001).<\/p>\n<p>Existem diferentes tipos de cerrado, como o campo limpo, onde predominam as herb\u00e1ceas e o cerrad\u00e3o onde predominam as \u00e1rvores.<\/p>\n<p>As caracter\u00edsticas predominantes da vegeta\u00e7\u00e3o s\u00e3o um tipo de savana composta de gram\u00edneas, arbustos e \u00e1rvores, geralmente de pequeno porte, com tronco retorcido, casca grossa e gretada, folhas grandes e cori\u00e1ceas, caducas ou semicaducas. Nesta regi\u00e3o, sempre encontramos flores, mesmo na \u00e9poca da seca, quando temos a impress\u00e3o que tudo est\u00e1 morto ou adormecido. Muitas vezes, as \u00e1rvores renascem se cobrindo de flores mesmo antes do aparecimento das folhas, mostrando-nos sua for\u00e7a de transi\u00e7\u00e3o e renascimento para uma nova etapa que recome\u00e7a. Isto acontece devido contarmos com grandes e profundos len\u00e7\u00f3is d\u2019\u00e1gua e nossas \u00e1rvores e arbustos possu\u00edrem ra\u00edzes profundas que alcan\u00e7am mais de 20 metros de profundidade (caracter\u00edsticas que mostram a for\u00e7a destas ess\u00eancias para trabalhar o nosso inconsciente).<\/p>\n<p>Estimam esta biodiversidade com cerca de 5.000 esp\u00e9cies de plantas, sendo que 80% possuem porte herb\u00e1ceo\/arbustivo. Ele forma micro regi\u00f5es com esp\u00e9cies diferenciadas, sendo que algumas plantas n\u00e3o s\u00e3o encontradas em todos os lugares.<\/p>\n<p>Muitas das plantas do cerrado s\u00e3o conhecidas pelo seu valor fitoter\u00e1pico. Estas qualidades curativas s\u00e3o constatadas atrav\u00e9s de pesquisas cient\u00edficas ou da medicina popular geralmente exercida pelos raizeiros ou curandeiros, pessoas simples que aprenderam com seus antepassados a conhecer e a utilizar as plantas como recurso de cura. Estas plantas podem variar de pequenas herb\u00e1ceas com flores t\u00e3o pequenas que necessitamos de lentes para observa-las, outras vezes, as flores s\u00e3o t\u00e3o grandes e vistosas que de longe nos chamam a aten\u00e7\u00e3o. Muitas destas plantas, s\u00e3o consideradas &#8220;praga&#8221; ou &#8220;erva daninha&#8221;. No mundo atual, a maior parte das pessoas se desvincularam da natureza e da simplicidade da vida,  e quase ninguem percebe o sabio equilibrio da natureza e o trabalho curador e regenerador destas presen\u00e7as vegetais. Para um terapeuta floral n\u00e3o existe ervas daninhas. Consideramos todas as plantas como grandes enfermeiras da terra. Elas podem regenerar o solo, t\u00e3o desgastado pelo mau uso que dele tem sido feito, e curar e harmonizar as pessoas com suas emo\u00e7\u00f5es e ritimos desordenados.<\/p>\n<p>Com estas flores, minusculas ou gigantes, este ambiente de terras antigas, cheias da energia de aprofundamento do cerrado e o calor do sol tropical, elaboramos as ess\u00eancias florais do Sistema Nona Essencya. Estas essencias se destacam por trabalhar profundamente a ancestralidade e o equil\u00edbrio energ\u00e9tico e vibracional dos nossos corpos (do f\u00edsico ao espiritual), ajudando nossa adaptabilidade para o aprendizado terreno e espiritual.<\/p>\n","protected":false},"excerpt":{"rendered":"<p>\u201cO Cerrado brasileiro possui uma \u00e1rea cont\u00ednua de cerca de dois milh\u00f5es de km quadrados, que corresponde a cerca de 25% do territ\u00f3rio nacional. A \u00e1rea nuclear do cerrado est\u00e1 localizada essencialmente no Planalto Central, ocorrendo tamb\u00e9m nas \u00e1reas perif\u00e9ricas. <span class=\"excerpt-dots\">&hellip;<\/span> <a class=\"more-link\" href=\"https:\/\/nonaessencya.com.br\/vitrine\/?page_id=231\"><span class=\"more-msg\">Continuar lendo &rarr;<\/span><\/a><\/p>\n","protected":false},"author":1,"featured_media":69,"parent":0,"menu_order":0,"comment_status":"closed","ping_status":"closed","template":"","meta":{"footnotes":""},"class_list":["post-231","page","type-page","status-publish","has-post-thumbnail","hentry"],"_links":{"self":[{"href":"https:\/\/nonaessencya.com.br\/vitrine\/index.php?rest_route=\/wp\/v2\/pages\/231","targetHints":{"allow":["GET"]}}],"collection":[{"href":"https:\/\/nonaessencya.com.br\/vitrine\/index.php?rest_route=\/wp\/v2\/pages"}],"about":[{"href":"https:\/\/nonaessencya.com.br\/vitrine\/index.php?rest_route=\/wp\/v2\/types\/page"}],"author":[{"embeddable":true,"href":"https:\/\/nonaessencya.com.br\/vitrine\/index.php?rest_route=\/wp\/v2\/users\/1"}],"replies":[{"embeddable":true,"href":"https:\/\/nonaessencya.com.br\/vitrine\/index.php?rest_route=%2Fwp%2Fv2%2Fcomments&post=231"}],"version-history":[{"count":2,"href":"https:\/\/nonaessencya.com.br\/vitrine\/index.php?rest_route=\/wp\/v2\/pages\/231\/revisions"}],"predecessor-version":[{"id":239,"href":"https:\/\/nonaessencya.com.br\/vitrine\/index.php?rest_route=\/wp\/v2\/pages\/231\/revisions\/239"}],"wp:featuredmedia":[{"embeddable":true,"href":"https:\/\/nonaessencya.com.br\/vitrine\/index.php?rest_route=\/wp\/v2\/media\/69"}],"wp:attachment":[{"href":"https:\/\/nonaessencya.com.br\/vitrine\/index.php?rest_route=%2Fwp%2Fv2%2Fmedia&parent=231"}],"curies":[{"name":"wp","href":"https:\/\/api.w.org\/{rel}","templated":true}]}}